{"id":5760,"date":"2020-11-29T13:20:02","date_gmt":"2020-11-29T13:20:02","guid":{"rendered":"https:\/\/motokary-karting.sk\/?post_type=product&#038;p=5760"},"modified":"2025-09-13T14:54:25","modified_gmt":"2025-09-13T14:54:25","slug":"sada-2ks-hadic-vodniho-chlazeni-16-27mm","status":"publish","type":"product","link":"https:\/\/motokary-karting.sk\/cz\/produkt\/sada-2ks-srobovacia-paska-na-hadice-vodneho-chladenia-16-27mm\/","title":{"rendered":"SET 2ks - P\u00e1ska hadice vodn\u00edho chlazen\u00ed 16\/27mm"},"content":{"rendered":"","protected":false},"excerpt":{"rendered":"<p>Zbo\u017e\u00ed na sklad\u011b je expedov\u00e1no okam\u017eit\u011b<\/p>","protected":false},"featured_media":5764,"template":"","meta":[],"product_brand":[],"product_cat":[280,271],"product_tag":[683,684,142,81,1660,1659,682],"class_list":{"0":"post-5760","1":"product","2":"type-product","3":"status-publish","4":"has-post-thumbnail","6":"product_cat-chladice-vody-prislusenstvo","7":"product_cat-nahradne-diely-na-podvozky","8":"product_tag-hadica-na-vodu","9":"product_tag-hadica-vodneho-chladenia","10":"product_tag-karting","11":"product_tag-motokary","12":"product_tag-srobovacia-paska-16-27mm","13":"product_tag-stahovacia-paska-na-hadicu","14":"product_tag-vodna-hadica","16":"first","17":"instock","18":"taxable","19":"shipping-taxable","20":"purchasable","21":"product-type-simple","22":"customify-col"},"aioseo_notices":[],"_links":{"self":[{"href":"https:\/\/motokary-karting.sk\/cz\/wp-json\/wp\/v2\/product\/5760","targetHints":{"allow":["GET"]}}],"collection":[{"href":"https:\/\/motokary-karting.sk\/cz\/wp-json\/wp\/v2\/product"}],"about":[{"href":"https:\/\/motokary-karting.sk\/cz\/wp-json\/wp\/v2\/types\/product"}],"wp:featuredmedia":[{"embeddable":true,"href":"https:\/\/motokary-karting.sk\/cz\/wp-json\/wp\/v2\/media\/5764"}],"wp:attachment":[{"href":"https:\/\/motokary-karting.sk\/cz\/wp-json\/wp\/v2\/media?parent=5760"}],"wp:term":[{"taxonomy":"product_brand","embeddable":true,"href":"https:\/\/motokary-karting.sk\/cz\/wp-json\/wp\/v2\/product_brand?post=5760"},{"taxonomy":"product_cat","embeddable":true,"href":"https:\/\/motokary-karting.sk\/cz\/wp-json\/wp\/v2\/product_cat?post=5760"},{"taxonomy":"product_tag","embeddable":true,"href":"https:\/\/motokary-karting.sk\/cz\/wp-json\/wp\/v2\/product_tag?post=5760"}],"curies":[{"name":"wp","href":"https:\/\/api.w.org\/{rel}","templated":true}]}}