{"id":5766,"date":"2020-11-29T13:24:01","date_gmt":"2020-11-29T13:24:01","guid":{"rendered":"https:\/\/motokary-karting.sk\/?post_type=product&#038;p=5766"},"modified":"2025-11-17T19:54:08","modified_gmt":"2025-11-17T19:54:08","slug":"cervena-podlozka-pod-kotouc-40-mm","status":"publish","type":"product","link":"https:\/\/motokary-karting.sk\/cz\/produkt\/vymedzovacia-podlozka-pod-disk-cervena-40mm\/","title":{"rendered":"Zna\u010dkovac\u00ed podlo\u017eka pod kotou\u010d - \u010derven\u00e1 - 40 mm | SADA 2 kus\u016f"},"content":{"rendered":"","protected":false},"excerpt":{"rendered":"","protected":false},"featured_media":5767,"template":"","meta":[],"product_brand":[],"product_cat":[209,399,271,650,649,648,647,646,1464,1465],"product_tag":[1602,1603,2361,210,211,1605,1606,1607,1467,142,1344,1604,1468,81,2023,1661,653],"class_list":{"0":"post-5766","1":"product","2":"type-product","3":"status-publish","4":"has-post-thumbnail","6":"product_cat-disky-prislusenstvo","7":"product_cat-naboje-a-unasace","8":"product_cat-nahradne-diely-na-podvozky","9":"product_cat-o-17mm","10":"product_cat-o-25mm","11":"product_cat-o-30mm","12":"product_cat-o-40mm","13":"product_cat-o-50mm","14":"product_cat-predne","15":"product_cat-zadne","16":"product_tag-cierne-disky-na-motokaru","17":"product_tag-cierne-motokarove-disky","18":"product_tag-diely-na-motokary","19":"product_tag-disk","20":"product_tag-disk-predny","21":"product_tag-disky-magnezium","22":"product_tag-dwt","23":"product_tag-dwt-disky","24":"product_tag-hlinikovy-disk-na-motokaru","25":"product_tag-karting","26":"product_tag-karting-shop","27":"product_tag-magneziove-disky","28":"product_tag-motokarove-disky","29":"product_tag-motokary","30":"product_tag-nahradne-diely-na-motokaru","31":"product_tag-podlozka-pod-disk","32":"product_tag-vymedzovacia-podlozka","34":"first","35":"instock","36":"taxable","37":"shipping-taxable","38":"purchasable","39":"product-type-simple","40":"customify-col"},"aioseo_notices":[],"_links":{"self":[{"href":"https:\/\/motokary-karting.sk\/cz\/wp-json\/wp\/v2\/product\/5766","targetHints":{"allow":["GET"]}}],"collection":[{"href":"https:\/\/motokary-karting.sk\/cz\/wp-json\/wp\/v2\/product"}],"about":[{"href":"https:\/\/motokary-karting.sk\/cz\/wp-json\/wp\/v2\/types\/product"}],"wp:featuredmedia":[{"embeddable":true,"href":"https:\/\/motokary-karting.sk\/cz\/wp-json\/wp\/v2\/media\/5767"}],"wp:attachment":[{"href":"https:\/\/motokary-karting.sk\/cz\/wp-json\/wp\/v2\/media?parent=5766"}],"wp:term":[{"taxonomy":"product_brand","embeddable":true,"href":"https:\/\/motokary-karting.sk\/cz\/wp-json\/wp\/v2\/product_brand?post=5766"},{"taxonomy":"product_cat","embeddable":true,"href":"https:\/\/motokary-karting.sk\/cz\/wp-json\/wp\/v2\/product_cat?post=5766"},{"taxonomy":"product_tag","embeddable":true,"href":"https:\/\/motokary-karting.sk\/cz\/wp-json\/wp\/v2\/product_tag?post=5766"}],"curies":[{"name":"wp","href":"https:\/\/api.w.org\/{rel}","templated":true}]}}