{"id":5768,"date":"2020-11-29T13:37:34","date_gmt":"2020-11-29T13:37:34","guid":{"rendered":"https:\/\/motokary-karting.sk\/?post_type=product&#038;p=5768"},"modified":"2026-03-17T07:53:40","modified_gmt":"2026-03-17T07:53:40","slug":"pomucka-pro-nasazeni-skrtici-klapky-na-kotouc","status":"publish","type":"product","link":"https:\/\/motokary-karting.sk\/cz\/produkt\/pomocnik-na-nasadzanie-bezdusoveho-ventilu-na-disk\/","title":{"rendered":"N\u00e1pov\u011bda pro mont\u00e1\u017e bezdu\u0161ov\u00e9ho ventilu na disk"},"content":{"rendered":"","protected":false},"excerpt":{"rendered":"","protected":false},"featured_media":5769,"template":"","meta":[],"product_brand":[],"product_cat":[3360,20,3350,1142,58],"product_tag":[142,81,1663,1662],"class_list":{"0":"post-5768","1":"product","2":"type-product","3":"status-publish","4":"has-post-thumbnail","6":"product_cat-ostatne-vybava-do-garaze","7":"product_cat-pneumatiky","8":"product_cat-pripravky","9":"product_cat-prislusenstvo-pneumatiky","10":"product_cat-vybava-do-garaze","11":"product_tag-karting","12":"product_tag-motokary","13":"product_tag-nasadzac-ventilu-na-disk","14":"product_tag-pomocnik-na-nasadzanie-bezdusoveho-ventilu","16":"first","17":"instock","18":"sale","19":"taxable","20":"shipping-taxable","21":"purchasable","22":"product-type-simple","23":"customify-col"},"aioseo_notices":[],"_links":{"self":[{"href":"https:\/\/motokary-karting.sk\/cz\/wp-json\/wp\/v2\/product\/5768","targetHints":{"allow":["GET"]}}],"collection":[{"href":"https:\/\/motokary-karting.sk\/cz\/wp-json\/wp\/v2\/product"}],"about":[{"href":"https:\/\/motokary-karting.sk\/cz\/wp-json\/wp\/v2\/types\/product"}],"wp:featuredmedia":[{"embeddable":true,"href":"https:\/\/motokary-karting.sk\/cz\/wp-json\/wp\/v2\/media\/5769"}],"wp:attachment":[{"href":"https:\/\/motokary-karting.sk\/cz\/wp-json\/wp\/v2\/media?parent=5768"}],"wp:term":[{"taxonomy":"product_brand","embeddable":true,"href":"https:\/\/motokary-karting.sk\/cz\/wp-json\/wp\/v2\/product_brand?post=5768"},{"taxonomy":"product_cat","embeddable":true,"href":"https:\/\/motokary-karting.sk\/cz\/wp-json\/wp\/v2\/product_cat?post=5768"},{"taxonomy":"product_tag","embeddable":true,"href":"https:\/\/motokary-karting.sk\/cz\/wp-json\/wp\/v2\/product_tag?post=5768"}],"curies":[{"name":"wp","href":"https:\/\/api.w.org\/{rel}","templated":true}]}}