{"id":5816,"date":"2021-01-21T13:52:04","date_gmt":"2021-01-21T13:52:04","guid":{"rendered":"https:\/\/motokary-karting.sk\/?post_type=product&#038;p=5816"},"modified":"2026-04-08T08:18:16","modified_gmt":"2026-04-08T08:18:16","slug":"arai-helma-ck-6-bila","status":"publish","type":"product","link":"https:\/\/motokary-karting.sk\/cz\/produkt\/arai-prilba-ck-6-biela\/","title":{"rendered":"P\u0159ilba Arai CK-6 b\u00edl\u00e1"},"content":{"rendered":"<p>Zvl\u00e1\u0161t\u011b lehk\u00e1 d\u011btsk\u00e1 a juniorsk\u00e1 p\u0159ilba, homologovan\u00e1 podle normy Snell CMR2016.<br \/>\nP\u0159edeps\u00e1no CIK \/ FIA pro d\u011bti a ml\u00e1de\u017e do 15 let - schv\u00e1leno pro \u0159idi\u010de do 18 let.<\/p>\n<p>Snadn\u00e9 nasazov\u00e1n\u00ed a sund\u00e1v\u00e1n\u00ed d\u00edky optimalizovan\u00e9mu otev\u00edr\u00e1n\u00ed p\u0159ilby.<br \/>\n\u00da\u010dinn\u00e9 chlazen\u00ed s celkem 4 v\u011btrac\u00edmi otvory. Zes\u00edlen\u00fd<br \/>\np\u0159edn\u00ed okraj p\u0159ilby pro lep\u0161\u00ed ochranu p\u0159i n\u00e1razu. Velk\u00e9 zorn\u00e9 pole<br \/>\npro lep\u0161\u00ed viditelnost do v\u0161ech stran a orientaci na trase.<\/p>","protected":false},"excerpt":{"rendered":"<p>Zvl\u00e1\u0161t\u011b lehk\u00e1 d\u011btsk\u00e1 a juniorsk\u00e1 p\u0159ilba, homologovan\u00e1 podle normy Snell CMR2016. P\u0159edepsan\u00e1 CIK \/ FIA pro d\u011bti a ml\u00e1de\u017e do 15 let - schv\u00e1len\u00e1 pro...<\/p>","protected":false},"featured_media":9642,"template":"","meta":[],"product_brand":[],"product_cat":[1678,21,18],"product_tag":[1681,1686,1685,1687,1684,1683,142,1344,984,81,981,1680,1682,1675,1679],"class_list":{"0":"post-5816","1":"product","2":"type-product","3":"status-publish","4":"has-post-thumbnail","6":"product_cat-arai","7":"product_cat-prilby","8":"product_cat-vybava-pretekara","9":"product_tag-arai","10":"product_tag-arai-ck-6","11":"product_tag-arai-helm-ck-6","12":"product_tag-arai-helmet-ck-6","13":"product_tag-arai-karting-helmt","14":"product_tag-arai-prilba","15":"product_tag-karting","16":"product_tag-karting-shop","17":"product_tag-motokarova-prilba","18":"product_tag-motokary","19":"product_tag-prilba-bell-rs-k","20":"product_tag-prilba-na-motokaru","21":"product_tag-prilby-arai","22":"product_tag-prilby-bell","23":"product_tag-prilby-na-motokary","25":"first","26":"instock","27":"taxable","28":"shipping-taxable","29":"purchasable","30":"product-type-variable","31":"customify-col","32":"product-has-gallery"},"aioseo_notices":[],"_links":{"self":[{"href":"https:\/\/motokary-karting.sk\/cz\/wp-json\/wp\/v2\/product\/5816","targetHints":{"allow":["GET"]}}],"collection":[{"href":"https:\/\/motokary-karting.sk\/cz\/wp-json\/wp\/v2\/product"}],"about":[{"href":"https:\/\/motokary-karting.sk\/cz\/wp-json\/wp\/v2\/types\/product"}],"wp:featuredmedia":[{"embeddable":true,"href":"https:\/\/motokary-karting.sk\/cz\/wp-json\/wp\/v2\/media\/9642"}],"wp:attachment":[{"href":"https:\/\/motokary-karting.sk\/cz\/wp-json\/wp\/v2\/media?parent=5816"}],"wp:term":[{"taxonomy":"product_brand","embeddable":true,"href":"https:\/\/motokary-karting.sk\/cz\/wp-json\/wp\/v2\/product_brand?post=5816"},{"taxonomy":"product_cat","embeddable":true,"href":"https:\/\/motokary-karting.sk\/cz\/wp-json\/wp\/v2\/product_cat?post=5816"},{"taxonomy":"product_tag","embeddable":true,"href":"https:\/\/motokary-karting.sk\/cz\/wp-json\/wp\/v2\/product_tag?post=5816"}],"curies":[{"name":"wp","href":"https:\/\/api.w.org\/{rel}","templated":true}]}}