{"id":583,"date":"2021-02-28T14:55:13","date_gmt":"2021-02-28T14:55:13","guid":{"rendered":"https:\/\/motokary-karting.sk\/?post_type=product&#038;p=583"},"modified":"2026-04-14T11:31:46","modified_gmt":"2026-04-14T11:31:46","slug":"profesionalni-skladaci-vozik-na-motokary","status":"publish","type":"product","link":"https:\/\/motokary-karting.sk\/cz\/produkt\/vozik-na-motokaru-professional-skladaci\/","title":{"rendered":"Voz\u00edk na motok\u00e1ry PROFESSIONAL skl\u00e1dac\u00ed"},"content":{"rendered":"<p>-s doln\u00ed polic\u00ed pro ulo\u017een\u00ed d\u00edl\u016f \/ n\u00e1\u0159ad\u00ed atd.<br \/>\n-ot\u00e1\u010dec\u00ed p\u0159edn\u00ed kola<\/p>\n<p>Skl\u00e1dac\u00ed (mo\u017enost vyjmut\u00ed stojan\u016f z podvozku)<\/p>","protected":false},"excerpt":{"rendered":"<p>-s doln\u00ed polic\u00ed pro ulo\u017een\u00ed d\u00edl\u016f \/ n\u00e1\u0159ad\u00ed atd. -sklopn\u00e1 p\u0159edn\u00ed kola Skl\u00e1dac\u00ed (mo\u017enost odejmut\u00ed stojan\u016f z podvozku)<\/p>","protected":false},"featured_media":584,"template":"","meta":[],"product_brand":[],"product_cat":[2447,58],"product_tag":[142,1344,2120,2449,2007,81,2448,108,2006],"class_list":{"0":"post-583","1":"product","2":"type-product","3":"status-publish","4":"has-post-thumbnail","6":"product_cat-vozikynamotokary","7":"product_cat-vybava-do-garaze","8":"product_tag-karting","9":"product_tag-karting-shop","10":"product_tag-kolesovy-vozik","11":"product_tag-kolesovy-vozik-na-motokary","12":"product_tag-motokarovy-vozik","13":"product_tag-motokary","14":"product_tag-stojan-na-motokaru","15":"product_tag-vozik","16":"product_tag-vozik-na-motokaru","18":"first","19":"onbackorder","20":"taxable","21":"shipping-taxable","22":"purchasable","23":"product-type-simple","24":"customify-col"},"aioseo_notices":[],"_links":{"self":[{"href":"https:\/\/motokary-karting.sk\/cz\/wp-json\/wp\/v2\/product\/583","targetHints":{"allow":["GET"]}}],"collection":[{"href":"https:\/\/motokary-karting.sk\/cz\/wp-json\/wp\/v2\/product"}],"about":[{"href":"https:\/\/motokary-karting.sk\/cz\/wp-json\/wp\/v2\/types\/product"}],"wp:featuredmedia":[{"embeddable":true,"href":"https:\/\/motokary-karting.sk\/cz\/wp-json\/wp\/v2\/media\/584"}],"wp:attachment":[{"href":"https:\/\/motokary-karting.sk\/cz\/wp-json\/wp\/v2\/media?parent=583"}],"wp:term":[{"taxonomy":"product_brand","embeddable":true,"href":"https:\/\/motokary-karting.sk\/cz\/wp-json\/wp\/v2\/product_brand?post=583"},{"taxonomy":"product_cat","embeddable":true,"href":"https:\/\/motokary-karting.sk\/cz\/wp-json\/wp\/v2\/product_cat?post=583"},{"taxonomy":"product_tag","embeddable":true,"href":"https:\/\/motokary-karting.sk\/cz\/wp-json\/wp\/v2\/product_tag?post=583"}],"curies":[{"name":"wp","href":"https:\/\/api.w.org\/{rel}","templated":true}]}}