{"id":585,"date":"2020-10-14T22:00:17","date_gmt":"2020-10-14T22:00:17","guid":{"rendered":"https:\/\/motokary-karting.sk\/?post_type=product&#038;p=585"},"modified":"2026-04-12T09:06:48","modified_gmt":"2026-04-12T09:06:48","slug":"rucni-menic-pneumatik-kleste-na-disky-pneumatik","status":"publish","type":"product","link":"https:\/\/motokary-karting.sk\/cz\/produkt\/manualny-vyzuvac-obuvac-pneu-z-disku-na-disk-klieste-na-pneu\/","title":{"rendered":"Ru\u010dn\u00ed odstra\u0148ova\u010d pneumatik \/ obrace\u010d pneumatik z disku \/ na disku | kle\u0161t\u011b na pneumatiky"},"content":{"rendered":"<p>Pomocn\u00edk p\u0159i demont\u00e1\u017ei \/ demont\u00e1\u017ei pneumatik z disku. Pom\u00e1h\u00e1 p\u0159i sund\u00e1v\u00e1n\u00ed pneumatiky z disku \/ nasazov\u00e1n\u00ed na disk. Kle\u0161t\u011b pro stahov\u00e1n\u00ed \/ odstra\u0148ov\u00e1n\u00ed pneumatik.<\/p>\n<p><span style=\"color: #ff0000\"><strong>Tento v\u00fdrobek v\u0159ele doporu\u010dujeme v\u0161em, kte\u0159\u00ed neradi sund\u00e1vaj\u00ed pneumatiky ru\u010dn\u011b \ud83d\ude42<\/strong><\/span><br \/>\nPraktick\u00e1 pom\u016fcka. \u010casto prod\u00e1van\u00fd model.<\/p>\n<p><strong>Video o tom, jak tento produkt pou\u017e\u00edvat, najdete ZDE:<\/strong> <a href=\"https:\/\/cutt.ly\/Gd4iO5L\" target=\"_blank\" rel=\"noopener noreferrer\">https:\/\/cutt.ly\/Gd4iO5L<\/a><\/p>","protected":false},"excerpt":{"rendered":"<p>Pomocn\u00edk p\u0159i demont\u00e1\u017ei \/ demont\u00e1\u017ei pneumatik z disku. Pom\u00e1h\u00e1 p\u0159i sund\u00e1v\u00e1n\u00ed pneumatiky z disku \/ nasazov\u00e1n\u00ed na disk. Kle\u0161t\u011b pro stahov\u00e1n\u00ed \/ odstra\u0148ov\u00e1n\u00ed pneumatik. Tento v\u00fdrobek v\u0159ele doporu\u010dujeme...<\/p>","protected":false},"featured_media":32033,"template":"","meta":[],"product_brand":[],"product_cat":[3360,158,58],"product_tag":[142,1344,517,519,81,362,360,109,518,361,359,1275],"class_list":{"0":"post-585","1":"product","2":"type-product","3":"status-publish","4":"has-post-thumbnail","6":"product_cat-ostatne-vybava-do-garaze","7":"product_cat-tip-na-darcek","8":"product_cat-vybava-do-garaze","9":"product_tag-karting","10":"product_tag-karting-shop","11":"product_tag-klieste-na-vyzuvanie-pneu","12":"product_tag-manual-tyre-changer","13":"product_tag-motokary","14":"product_tag-obuvac","15":"product_tag-obuvac-pneu","16":"product_tag-odlucovacpneuzdisku","17":"product_tag-tyre-changer","18":"product_tag-vyzuvac","19":"product_tag-vyzuvac-pneu","20":"product_tag-vyzuvak-pneu","22":"first","23":"instock","24":"taxable","25":"shipping-taxable","26":"purchasable","27":"product-type-simple","28":"customify-col"},"aioseo_notices":[],"_links":{"self":[{"href":"https:\/\/motokary-karting.sk\/cz\/wp-json\/wp\/v2\/product\/585","targetHints":{"allow":["GET"]}}],"collection":[{"href":"https:\/\/motokary-karting.sk\/cz\/wp-json\/wp\/v2\/product"}],"about":[{"href":"https:\/\/motokary-karting.sk\/cz\/wp-json\/wp\/v2\/types\/product"}],"wp:featuredmedia":[{"embeddable":true,"href":"https:\/\/motokary-karting.sk\/cz\/wp-json\/wp\/v2\/media\/32033"}],"wp:attachment":[{"href":"https:\/\/motokary-karting.sk\/cz\/wp-json\/wp\/v2\/media?parent=585"}],"wp:term":[{"taxonomy":"product_brand","embeddable":true,"href":"https:\/\/motokary-karting.sk\/cz\/wp-json\/wp\/v2\/product_brand?post=585"},{"taxonomy":"product_cat","embeddable":true,"href":"https:\/\/motokary-karting.sk\/cz\/wp-json\/wp\/v2\/product_cat?post=585"},{"taxonomy":"product_tag","embeddable":true,"href":"https:\/\/motokary-karting.sk\/cz\/wp-json\/wp\/v2\/product_tag?post=585"}],"curies":[{"name":"wp","href":"https:\/\/api.w.org\/{rel}","templated":true}]}}