{"id":5874,"date":"2021-01-22T13:07:00","date_gmt":"2021-01-22T13:07:00","guid":{"rendered":"https:\/\/motokary-karting.sk\/?post_type=product&#038;p=5874"},"modified":"2026-02-11T10:03:07","modified_gmt":"2026-02-11T10:03:07","slug":"arai-helma-sk-6-bila","status":"publish","type":"product","link":"https:\/\/motokary-karting.sk\/cz\/produkt\/arai-prilba-sk-6-biela\/","title":{"rendered":"P\u0159ilba Arai SK-6 b\u00edl\u00e1"},"content":{"rendered":"<p>Aerodynamick\u00e1 motok\u00e1rov\u00e1 p\u0159ilba s vyv\u00e1\u017een\u00fdm rozlo\u017een\u00edm hmotnosti pro dokonal\u00e9 vyv\u00e1\u017een\u00ed hlavy.<br \/>\nVyrobeno ze superkomplexn\u00ed lamin\u00e1tov\u00e9 konstrukce (CLC). Snadn\u00e9 nasazov\u00e1n\u00ed a sund\u00e1v\u00e1n\u00ed d\u00edky<br \/>\noptimalizovan\u00e9 otev\u00edr\u00e1n\u00ed p\u0159ilby.<\/p>\n<p>Inovativn\u00ed syst\u00e9m \u0161t\u00edt\u016f s p\u00e1\u010dkou pro snadn\u011bj\u0161\u00ed manipulaci p\u0159i otev\u00edr\u00e1n\u00ed. \u00da\u010dinn\u00e9 chlazen\u00ed<br \/>\ncelkem 4 v\u011btrac\u00ed otvory. Zes\u00edlen\u00fd p\u0159edn\u00ed okraj p\u0159ilby pro lep\u0161\u00ed ochranu p\u0159i n\u00e1razu.<\/p>","protected":false},"excerpt":{"rendered":"<p>Aerodynamick\u00e1 motok\u00e1rov\u00e1 p\u0159ilba s vyv\u00e1\u017een\u00fdm rozlo\u017een\u00edm hmotnosti pro dokonal\u00e9 vyv\u00e1\u017een\u00ed hlavy. Vyrobena ze superkomplexn\u00ed lamin\u00e1tov\u00e9 konstrukce (CLC). Snadn\u00e9 nasazov\u00e1n\u00ed a sund\u00e1v\u00e1n\u00ed d\u00edky optimalizovan\u00e9mu otev\u00edr\u00e1n\u00ed...<\/p>","protected":false},"featured_media":9645,"template":"","meta":[],"product_brand":[],"product_cat":[1678,21,158,18],"product_tag":[1681,1687,1697,1684,1683,1695,1696,142,1344,984,81,981,1680,1682,1675,1679],"class_list":{"0":"post-5874","1":"product","2":"type-product","3":"status-publish","4":"has-post-thumbnail","6":"product_cat-arai","7":"product_cat-prilby","8":"product_cat-tip-na-darcek","9":"product_cat-vybava-pretekara","10":"product_tag-arai","11":"product_tag-arai-helmet-ck-6","12":"product_tag-arai-helmet-sk-6","13":"product_tag-arai-karting-helmt","14":"product_tag-arai-prilba","15":"product_tag-arai-sk-6","16":"product_tag-arai-sk6","17":"product_tag-karting","18":"product_tag-karting-shop","19":"product_tag-motokarova-prilba","20":"product_tag-motokary","21":"product_tag-prilba-bell-rs-k","22":"product_tag-prilba-na-motokaru","23":"product_tag-prilby-arai","24":"product_tag-prilby-bell","25":"product_tag-prilby-na-motokary","27":"first","28":"onbackorder","29":"taxable","30":"shipping-taxable","31":"purchasable","32":"product-type-variable","33":"customify-col","34":"product-has-gallery"},"aioseo_notices":[],"_links":{"self":[{"href":"https:\/\/motokary-karting.sk\/cz\/wp-json\/wp\/v2\/product\/5874","targetHints":{"allow":["GET"]}}],"collection":[{"href":"https:\/\/motokary-karting.sk\/cz\/wp-json\/wp\/v2\/product"}],"about":[{"href":"https:\/\/motokary-karting.sk\/cz\/wp-json\/wp\/v2\/types\/product"}],"wp:featuredmedia":[{"embeddable":true,"href":"https:\/\/motokary-karting.sk\/cz\/wp-json\/wp\/v2\/media\/9645"}],"wp:attachment":[{"href":"https:\/\/motokary-karting.sk\/cz\/wp-json\/wp\/v2\/media?parent=5874"}],"wp:term":[{"taxonomy":"product_brand","embeddable":true,"href":"https:\/\/motokary-karting.sk\/cz\/wp-json\/wp\/v2\/product_brand?post=5874"},{"taxonomy":"product_cat","embeddable":true,"href":"https:\/\/motokary-karting.sk\/cz\/wp-json\/wp\/v2\/product_cat?post=5874"},{"taxonomy":"product_tag","embeddable":true,"href":"https:\/\/motokary-karting.sk\/cz\/wp-json\/wp\/v2\/product_tag?post=5874"}],"curies":[{"name":"wp","href":"https:\/\/api.w.org\/{rel}","templated":true}]}}