{"id":588,"date":"2020-05-31T15:02:45","date_gmt":"2020-05-31T15:02:45","guid":{"rendered":"https:\/\/motokary-karting.sk\/?post_type=product&#038;p=588"},"modified":"2026-03-30T10:29:19","modified_gmt":"2026-03-30T10:29:19","slug":"sada-pro-odvzdusneni-brzd-m6-m10x1-1-8-zoll","status":"publish","type":"product","link":"https:\/\/motokary-karting.sk\/cz\/produkt\/sada-na-odvzdusnovanie-brzd-m6-m10x1-1-8-zoll\/","title":{"rendered":"Odvzdu\u0161\u0148ovac\u00ed n\u00e1stroj M6, M10x1, 1\/8 Zoll"},"content":{"rendered":"<p>Praktick\u00fd n\u00e1stroj pro odvzdu\u0161\u0148ov\u00e1n\u00ed hydraulick\u00fdch brzd motok\u00e1r p\u0159es brzdov\u00fd v\u00e1lec.<\/p>","protected":false},"excerpt":{"rendered":"<p>Praktick\u00fd n\u00e1stroj pro odvzdu\u0161\u0148ov\u00e1n\u00ed hydraulick\u00fdch brzd motok\u00e1r p\u0159es brzdov\u00fd v\u00e1lec.<\/p>","protected":false},"featured_media":589,"template":"","meta":[],"product_brand":[],"product_cat":[3360,3350,58],"product_tag":[142,1344,81,2060,2061],"class_list":{"0":"post-588","1":"product","2":"type-product","3":"status-publish","4":"has-post-thumbnail","6":"product_cat-ostatne-vybava-do-garaze","7":"product_cat-pripravky","8":"product_cat-vybava-do-garaze","9":"product_tag-karting","10":"product_tag-karting-shop","11":"product_tag-motokary","12":"product_tag-odvzdusnovac-brzd","13":"product_tag-sada-na-odvzdusnenie-brzd","15":"first","16":"instock","17":"taxable","18":"shipping-taxable","19":"purchasable","20":"product-type-simple","21":"customify-col"},"aioseo_notices":[],"_links":{"self":[{"href":"https:\/\/motokary-karting.sk\/cz\/wp-json\/wp\/v2\/product\/588","targetHints":{"allow":["GET"]}}],"collection":[{"href":"https:\/\/motokary-karting.sk\/cz\/wp-json\/wp\/v2\/product"}],"about":[{"href":"https:\/\/motokary-karting.sk\/cz\/wp-json\/wp\/v2\/types\/product"}],"wp:featuredmedia":[{"embeddable":true,"href":"https:\/\/motokary-karting.sk\/cz\/wp-json\/wp\/v2\/media\/589"}],"wp:attachment":[{"href":"https:\/\/motokary-karting.sk\/cz\/wp-json\/wp\/v2\/media?parent=588"}],"wp:term":[{"taxonomy":"product_brand","embeddable":true,"href":"https:\/\/motokary-karting.sk\/cz\/wp-json\/wp\/v2\/product_brand?post=588"},{"taxonomy":"product_cat","embeddable":true,"href":"https:\/\/motokary-karting.sk\/cz\/wp-json\/wp\/v2\/product_cat?post=588"},{"taxonomy":"product_tag","embeddable":true,"href":"https:\/\/motokary-karting.sk\/cz\/wp-json\/wp\/v2\/product_tag?post=588"}],"curies":[{"name":"wp","href":"https:\/\/api.w.org\/{rel}","templated":true}]}}