{"id":5989,"date":"2021-04-06T08:12:45","date_gmt":"2021-04-06T08:12:45","guid":{"rendered":"https:\/\/motokary-karting.sk\/?post_type=product&#038;p=5989"},"modified":"2026-02-28T08:54:44","modified_gmt":"2026-02-28T08:54:44","slug":"benzinova-hadice-nove-vedeni-3-metry","status":"publish","type":"product","link":"https:\/\/motokary-karting.sk\/cz\/produkt\/benzinova-hadica-new-line-3-metre\/","title":{"rendered":"Benz\u00ednov\u00e1 (palivov\u00e1) hadice NEW LINE - 3 metry"},"content":{"rendered":"<p>Cena je uvedena za 3 m hadice.<\/p>","protected":false},"excerpt":{"rendered":"<p>Cena je uvedena za 3 m hadice.<\/p>","protected":false},"featured_media":9317,"template":"","meta":[],"product_brand":[],"product_cat":[271,371,276],"product_tag":[376,1713,1712,1711,1710,2234,142,1344,81,2232,2233,377,2235],"class_list":{"0":"post-5989","1":"product","2":"type-product","3":"status-publish","4":"has-post-thumbnail","6":"product_cat-nahradne-diely-na-podvozky","7":"product_cat-ostatne-prislusenstvokmotorom","8":"product_cat-ostatne","9":"product_tag-benzinova-hadica","10":"product_tag-cervena-benzinova-hadica","11":"product_tag-cervena-palivova-hadica","12":"product_tag-farebna-benzinova-hadica","13":"product_tag-farebna-palivova-hadica","14":"product_tag-hadica-new-line","15":"product_tag-karting","16":"product_tag-karting-shop","17":"product_tag-motokary","18":"product_tag-new-lin","19":"product_tag-new-line","20":"product_tag-palivova-hadica","21":"product_tag-palivova-hadica-new-line","23":"first","24":"instock","25":"taxable","26":"shipping-taxable","27":"purchasable","28":"product-type-variable","29":"customify-col","30":"product-has-gallery"},"aioseo_notices":[],"_links":{"self":[{"href":"https:\/\/motokary-karting.sk\/cz\/wp-json\/wp\/v2\/product\/5989","targetHints":{"allow":["GET"]}}],"collection":[{"href":"https:\/\/motokary-karting.sk\/cz\/wp-json\/wp\/v2\/product"}],"about":[{"href":"https:\/\/motokary-karting.sk\/cz\/wp-json\/wp\/v2\/types\/product"}],"wp:featuredmedia":[{"embeddable":true,"href":"https:\/\/motokary-karting.sk\/cz\/wp-json\/wp\/v2\/media\/9317"}],"wp:attachment":[{"href":"https:\/\/motokary-karting.sk\/cz\/wp-json\/wp\/v2\/media?parent=5989"}],"wp:term":[{"taxonomy":"product_brand","embeddable":true,"href":"https:\/\/motokary-karting.sk\/cz\/wp-json\/wp\/v2\/product_brand?post=5989"},{"taxonomy":"product_cat","embeddable":true,"href":"https:\/\/motokary-karting.sk\/cz\/wp-json\/wp\/v2\/product_cat?post=5989"},{"taxonomy":"product_tag","embeddable":true,"href":"https:\/\/motokary-karting.sk\/cz\/wp-json\/wp\/v2\/product_tag?post=5989"}],"curies":[{"name":"wp","href":"https:\/\/api.w.org\/{rel}","templated":true}]}}