{"id":637,"date":"2020-05-31T17:00:10","date_gmt":"2020-05-31T17:00:10","guid":{"rendered":"https:\/\/motokary-karting.sk\/?post_type=product&#038;p=637"},"modified":"2025-08-29T14:20:25","modified_gmt":"2025-08-29T14:20:25","slug":"mojo-pneumatika-d2xx-cik-predni-10x45-5-stredni","status":"publish","type":"product","link":"https:\/\/motokary-karting.sk\/cz\/produkt\/mojo-pneumatika-d2xx-cik-predna-10x45-5-middle\/","title":{"rendered":"Sada pneumatik Mojo 2ks - D2XX CIK | 2x p\u0159edn\u00ed 10\u00d74,5-5"},"content":{"rendered":"","protected":false},"excerpt":{"rendered":"","protected":false},"featured_media":13296,"template":"","meta":[],"product_brand":[],"product_cat":[118,20],"product_tag":[142,2603,1344,119,2604,1284,34,81,2605,2602,120],"class_list":{"0":"post-637","1":"product","2":"type-product","3":"status-publish","4":"has-post-thumbnail","6":"product_cat-mojo","7":"product_cat-pneumatiky","8":"product_tag-karting","9":"product_tag-karting-pneu-mojo","10":"product_tag-karting-shop","11":"product_tag-mojo","12":"product_tag-mojo-d2xx","13":"product_tag-mojo-pneu","14":"product_tag-motokara","15":"product_tag-motokary","16":"product_tag-pneu-mojo-d2xx","17":"product_tag-pneu-na-karting","18":"product_tag-pneumatika","20":"first","21":"onbackorder","22":"taxable","23":"shipping-taxable","24":"purchasable","25":"product-type-simple","26":"customify-col","27":"product-has-gallery"},"aioseo_notices":[],"_links":{"self":[{"href":"https:\/\/motokary-karting.sk\/cz\/wp-json\/wp\/v2\/product\/637","targetHints":{"allow":["GET"]}}],"collection":[{"href":"https:\/\/motokary-karting.sk\/cz\/wp-json\/wp\/v2\/product"}],"about":[{"href":"https:\/\/motokary-karting.sk\/cz\/wp-json\/wp\/v2\/types\/product"}],"wp:featuredmedia":[{"embeddable":true,"href":"https:\/\/motokary-karting.sk\/cz\/wp-json\/wp\/v2\/media\/13296"}],"wp:attachment":[{"href":"https:\/\/motokary-karting.sk\/cz\/wp-json\/wp\/v2\/media?parent=637"}],"wp:term":[{"taxonomy":"product_brand","embeddable":true,"href":"https:\/\/motokary-karting.sk\/cz\/wp-json\/wp\/v2\/product_brand?post=637"},{"taxonomy":"product_cat","embeddable":true,"href":"https:\/\/motokary-karting.sk\/cz\/wp-json\/wp\/v2\/product_cat?post=637"},{"taxonomy":"product_tag","embeddable":true,"href":"https:\/\/motokary-karting.sk\/cz\/wp-json\/wp\/v2\/product_tag?post=637"}],"curies":[{"name":"wp","href":"https:\/\/api.w.org\/{rel}","templated":true}]}}