{"id":6652,"date":"2020-12-15T09:24:39","date_gmt":"2020-12-15T09:24:39","guid":{"rendered":"https:\/\/motokary-karting.sk\/?post_type=product&#038;p=6652"},"modified":"2026-02-20T15:47:56","modified_gmt":"2026-02-20T15:47:56","slug":"zvonek-ochrana-proti-roztrzeni-folie-10ks","status":"publish","type":"product","link":"https:\/\/motokary-karting.sk\/cz\/produkt\/bell-trhacia-ochranna-folia-10ks\/","title":{"rendered":"Ochrann\u00e1 f\u00f3lie proti roztr\u017een\u00ed zvonu 10ks KC7 CMR, RS7-K"},"content":{"rendered":"<p>Vhodn\u00e9 pro n\u00e1sleduj\u00edc\u00ed p\u0159ilby: HP7, KC7 CMR, RS7 Carbon, RS7 Pro, RS7-K.<\/p>\n<p>Sada 10 kus\u016f, tlou\u0161\u0165ka 0,25 mm.<\/p>","protected":false},"excerpt":{"rendered":"<p>Vhodn\u00e9 pro n\u00e1sleduj\u00edc\u00ed p\u0159ilby: HP7, KC7 CMR, RS7 Carbon, RS7 Pro, RS7-K Sada 10 kus\u016f, tlou\u0161\u0165ka 0,25 mm.<\/p>","protected":false},"featured_media":6653,"template":"","meta":[],"product_brand":[],"product_cat":[2722,21,18],"product_tag":[1811,1812,1813,1810,1728,142,1344,81,1797,1809],"class_list":{"0":"post-6652","1":"product","2":"type-product","3":"status-publish","4":"has-post-thumbnail","6":"product_cat-bell-prislusenstvo","7":"product_cat-prilby","8":"product_cat-vybava-pretekara","9":"product_tag-bell-trhacia-folia","10":"product_tag-bell-trhacia-folia-na-prilbu","11":"product_tag-bell-trhacie-pasky","12":"product_tag-bell-trhacky","13":"product_tag-kart-shop","14":"product_tag-karting","15":"product_tag-karting-shop","16":"product_tag-motokary","17":"product_tag-trhacia-folia-na-prilbu","18":"product_tag-trhacky-bell","20":"first","21":"instock","22":"taxable","23":"shipping-taxable","24":"purchasable","25":"product-type-simple","26":"customify-col"},"aioseo_notices":[],"_links":{"self":[{"href":"https:\/\/motokary-karting.sk\/cz\/wp-json\/wp\/v2\/product\/6652","targetHints":{"allow":["GET"]}}],"collection":[{"href":"https:\/\/motokary-karting.sk\/cz\/wp-json\/wp\/v2\/product"}],"about":[{"href":"https:\/\/motokary-karting.sk\/cz\/wp-json\/wp\/v2\/types\/product"}],"wp:featuredmedia":[{"embeddable":true,"href":"https:\/\/motokary-karting.sk\/cz\/wp-json\/wp\/v2\/media\/6653"}],"wp:attachment":[{"href":"https:\/\/motokary-karting.sk\/cz\/wp-json\/wp\/v2\/media?parent=6652"}],"wp:term":[{"taxonomy":"product_brand","embeddable":true,"href":"https:\/\/motokary-karting.sk\/cz\/wp-json\/wp\/v2\/product_brand?post=6652"},{"taxonomy":"product_cat","embeddable":true,"href":"https:\/\/motokary-karting.sk\/cz\/wp-json\/wp\/v2\/product_cat?post=6652"},{"taxonomy":"product_tag","embeddable":true,"href":"https:\/\/motokary-karting.sk\/cz\/wp-json\/wp\/v2\/product_tag?post=6652"}],"curies":[{"name":"wp","href":"https:\/\/api.w.org\/{rel}","templated":true}]}}