{"id":6667,"date":"2020-12-15T09:46:38","date_gmt":"2020-12-15T09:46:38","guid":{"rendered":"https:\/\/motokary-karting.sk\/?post_type=product&#038;p=6667"},"modified":"2023-11-22T12:58:56","modified_gmt":"2023-11-22T12:58:56","slug":"bocni-privod-vzduchu","status":"publish","type":"product","link":"https:\/\/motokary-karting.sk\/cz\/produkt\/bell-nasavac-vzduchu-bocny\/","title":{"rendered":"Zvonov\u00e1 strana s\u00e1n\u00ed vzduchu pr\u016fhledn\u00e1"},"content":{"rendered":"<p>Vhodn\u00e9 pro p\u0159ilby Bell: HP7, RS7, RS7-K, KC7 CMR<\/p>\n<p>Sada 2 kus\u016f.<\/p>\n<p>&nbsp;<\/p>","protected":false},"excerpt":{"rendered":"<p>Vhodn\u00e9 pro p\u0159ilby Bell: HP7, RS7, RS7-K, KC7 CMR Sada 2 kus\u016f. &nbsp;<\/p>","protected":false},"featured_media":6670,"template":"","meta":[],"product_brand":[],"product_cat":[2722,21,18],"product_tag":[963,964,1820,1818,2417,1728,142,1344,81,2418,1675],"class_list":{"0":"post-6667","1":"product","2":"type-product","3":"status-publish","4":"has-post-thumbnail","6":"product_cat-bell-prislusenstvo","7":"product_cat-prilby","8":"product_cat-vybava-pretekara","9":"product_tag-bell","10":"product_tag-bell-helmets","11":"product_tag-bell-nasavac-vzduchu-bocny","12":"product_tag-bell-shop","13":"product_tag-doplnky-na-prilby-bell","14":"product_tag-kart-shop","15":"product_tag-karting","16":"product_tag-karting-shop","17":"product_tag-motokary","18":"product_tag-nahradne-diely-na-bell","19":"product_tag-prilby-bell","21":"first","22":"onbackorder","23":"taxable","24":"shipping-taxable","25":"purchasable","26":"product-type-simple","27":"customify-col"},"aioseo_notices":[],"_links":{"self":[{"href":"https:\/\/motokary-karting.sk\/cz\/wp-json\/wp\/v2\/product\/6667","targetHints":{"allow":["GET"]}}],"collection":[{"href":"https:\/\/motokary-karting.sk\/cz\/wp-json\/wp\/v2\/product"}],"about":[{"href":"https:\/\/motokary-karting.sk\/cz\/wp-json\/wp\/v2\/types\/product"}],"wp:featuredmedia":[{"embeddable":true,"href":"https:\/\/motokary-karting.sk\/cz\/wp-json\/wp\/v2\/media\/6670"}],"wp:attachment":[{"href":"https:\/\/motokary-karting.sk\/cz\/wp-json\/wp\/v2\/media?parent=6667"}],"wp:term":[{"taxonomy":"product_brand","embeddable":true,"href":"https:\/\/motokary-karting.sk\/cz\/wp-json\/wp\/v2\/product_brand?post=6667"},{"taxonomy":"product_cat","embeddable":true,"href":"https:\/\/motokary-karting.sk\/cz\/wp-json\/wp\/v2\/product_cat?post=6667"},{"taxonomy":"product_tag","embeddable":true,"href":"https:\/\/motokary-karting.sk\/cz\/wp-json\/wp\/v2\/product_tag?post=6667"}],"curies":[{"name":"wp","href":"https:\/\/api.w.org\/{rel}","templated":true}]}}