{"id":671,"date":"2020-06-02T12:44:01","date_gmt":"2020-06-02T12:44:01","guid":{"rendered":"https:\/\/motokary-karting.sk\/?post_type=product&#038;p=671"},"modified":"2024-06-04T13:17:04","modified_gmt":"2024-06-04T13:17:04","slug":"honda-gx270-ut2-sh-q4-oh","status":"publish","type":"product","link":"https:\/\/motokary-karting.sk\/cz\/produkt\/motor-honda-gx270-ut2-sh-q4-oh\/","title":{"rendered":"Motor HONDA GX270 RT2-RH-G4-OH"},"content":{"rendered":"<p>Dod\u00e1v\u00e1 se se spojkou, h\u0159\u00eddel \u00d8 25 mm<\/p>","protected":false},"excerpt":{"rendered":"<p>Dod\u00e1v\u00e1 se se spojkou, h\u0159\u00eddel \u00d8 25 mm<\/p>","protected":false},"featured_media":19541,"template":"","meta":[],"product_brand":[],"product_cat":[1169,129,77],"product_tag":[130,1196,142,81,132,290,131],"class_list":{"0":"post-671","1":"product","2":"type-product","3":"status-publish","4":"has-post-thumbnail","6":"product_cat-honda","7":"product_cat-motory-pozicovne","8":"product_cat-rental-karting","9":"product_tag-honda","10":"product_tag-honda-gx-270","11":"product_tag-karting","12":"product_tag-motokary","13":"product_tag-motorprepozicovne","14":"product_tag-pozicovna-motokar","15":"product_tag-pozicovnamotokar","17":"first","18":"onbackorder","19":"sale","20":"taxable","21":"shipping-taxable","22":"purchasable","23":"product-type-simple","24":"customify-col","25":"product-has-gallery"},"aioseo_notices":[],"_links":{"self":[{"href":"https:\/\/motokary-karting.sk\/cz\/wp-json\/wp\/v2\/product\/671","targetHints":{"allow":["GET"]}}],"collection":[{"href":"https:\/\/motokary-karting.sk\/cz\/wp-json\/wp\/v2\/product"}],"about":[{"href":"https:\/\/motokary-karting.sk\/cz\/wp-json\/wp\/v2\/types\/product"}],"wp:featuredmedia":[{"embeddable":true,"href":"https:\/\/motokary-karting.sk\/cz\/wp-json\/wp\/v2\/media\/19541"}],"wp:attachment":[{"href":"https:\/\/motokary-karting.sk\/cz\/wp-json\/wp\/v2\/media?parent=671"}],"wp:term":[{"taxonomy":"product_brand","embeddable":true,"href":"https:\/\/motokary-karting.sk\/cz\/wp-json\/wp\/v2\/product_brand?post=671"},{"taxonomy":"product_cat","embeddable":true,"href":"https:\/\/motokary-karting.sk\/cz\/wp-json\/wp\/v2\/product_cat?post=671"},{"taxonomy":"product_tag","embeddable":true,"href":"https:\/\/motokary-karting.sk\/cz\/wp-json\/wp\/v2\/product_tag?post=671"}],"curies":[{"name":"wp","href":"https:\/\/api.w.org\/{rel}","templated":true}]}}