{"id":673,"date":"2020-06-02T12:44:36","date_gmt":"2020-06-02T12:44:36","guid":{"rendered":"https:\/\/motokary-karting.sk\/?post_type=product&#038;p=673"},"modified":"2025-06-26T15:14:46","modified_gmt":"2025-06-26T15:14:46","slug":"honda-gx200-ut2-sh-q4-oh","status":"publish","type":"product","link":"https:\/\/motokary-karting.sk\/cz\/produkt\/motor-honda-gx200-ut2-sh-q4-oh\/","title":{"rendered":"Motor HONDA GX200 RT2-RH-G4-OH"},"content":{"rendered":"<p>Dod\u00e1v\u00e1 se se spojkou a v\u00fdfukem, h\u0159\u00eddel \u00d8 20 mm<\/p>","protected":false},"excerpt":{"rendered":"<p>Dod\u00e1v\u00e1 se se spojkou a v\u00fdfukem, h\u0159\u00eddel \u00d8 20 mm<\/p>","protected":false},"featured_media":28831,"template":"","meta":[],"product_brand":[],"product_cat":[1169,129,77],"product_tag":[130,1197,142,81,132,1198,131],"class_list":{"0":"post-673","1":"product","2":"type-product","3":"status-publish","4":"has-post-thumbnail","6":"product_cat-honda","7":"product_cat-motory-pozicovne","8":"product_cat-rental-karting","9":"product_tag-honda","10":"product_tag-honda-gx-200","11":"product_tag-karting","12":"product_tag-motokary","13":"product_tag-motorprepozicovne","14":"product_tag-pozicona-motokar","15":"product_tag-pozicovnamotokar","17":"first","18":"onbackorder","19":"taxable","20":"shipping-taxable","21":"purchasable","22":"product-type-simple","23":"customify-col"},"aioseo_notices":[],"_links":{"self":[{"href":"https:\/\/motokary-karting.sk\/cz\/wp-json\/wp\/v2\/product\/673","targetHints":{"allow":["GET"]}}],"collection":[{"href":"https:\/\/motokary-karting.sk\/cz\/wp-json\/wp\/v2\/product"}],"about":[{"href":"https:\/\/motokary-karting.sk\/cz\/wp-json\/wp\/v2\/types\/product"}],"wp:featuredmedia":[{"embeddable":true,"href":"https:\/\/motokary-karting.sk\/cz\/wp-json\/wp\/v2\/media\/28831"}],"wp:attachment":[{"href":"https:\/\/motokary-karting.sk\/cz\/wp-json\/wp\/v2\/media?parent=673"}],"wp:term":[{"taxonomy":"product_brand","embeddable":true,"href":"https:\/\/motokary-karting.sk\/cz\/wp-json\/wp\/v2\/product_brand?post=673"},{"taxonomy":"product_cat","embeddable":true,"href":"https:\/\/motokary-karting.sk\/cz\/wp-json\/wp\/v2\/product_cat?post=673"},{"taxonomy":"product_tag","embeddable":true,"href":"https:\/\/motokary-karting.sk\/cz\/wp-json\/wp\/v2\/product_tag?post=673"}],"curies":[{"name":"wp","href":"https:\/\/api.w.org\/{rel}","templated":true}]}}