{"id":6884,"date":"2020-12-16T14:57:25","date_gmt":"2020-12-16T14:57:25","guid":{"rendered":"https:\/\/motokary-karting.sk\/?post_type=product&#038;p=6884"},"modified":"2026-02-11T10:47:11","modified_gmt":"2026-02-11T10:47:11","slug":"sparco-thunder-suit-pro-deti","status":"publish","type":"product","link":"https:\/\/motokary-karting.sk\/cz\/produkt\/sparco-thunder-kombineza-detska\/","title":{"rendered":"D\u011btsk\u00e1 kombin\u00e9za Sparco THUNDER - LAST PIECES"},"content":{"rendered":"<p>Novinka od spole\u010dnosti SPARCO v oblasti kombin\u00e9z st\u0159edn\u00ed t\u0159\u00eddy pro motok\u00e1rov\u00e9 z\u00e1vody s homologac\u00ed FIA.<\/p>\n<p>Elastick\u00e9 zadn\u00ed \u010d\u00e1sti, n\u00edzk\u00fd v\u00fdst\u0159ih, prody\u0161n\u00e9 vlo\u017eky<br \/>\nv podpa\u017e\u00ed a na stehnech, skryt\u00e9 kapsy a stahovac\u00ed p\u00e1sek.<\/p>\n<p>Tkanina o hmotnosti p\u0159ibli\u017en\u011b 500\/530 g\/m\u00b2.<\/p>\n<p>K dispozici je \u0161est barevn\u00fdch variant a d\u011btsk\u00e1 verze.<\/p>\n<p>Homologace Fia N 2013-1<\/p>","protected":false},"excerpt":{"rendered":"<p>Novinka od spole\u010dnosti SPARCO v oblasti kombin\u00e9z st\u0159edn\u00ed t\u0159\u00eddy pro motok\u00e1rov\u00e9 z\u00e1vody s homologac\u00ed FIA. Elastick\u00e9 stre\u010dov\u00e9 oblasti na z\u00e1dech, n\u00edzk\u00fd design kolem krku, prody\u0161n\u00e9 vlo\u017eky...<\/p>","protected":false},"featured_media":17255,"template":"","meta":[],"product_brand":[],"product_cat":[22,98,18],"product_tag":[142,1344,85,482,1255,1258,81,26,1257,1256,100],"class_list":{"0":"post-6884","1":"product","2":"type-product","3":"status-publish","4":"has-post-thumbnail","6":"product_cat-kombinezy","7":"product_cat-sparco-kombinezy","8":"product_cat-vybava-pretekara","9":"product_tag-karting","10":"product_tag-karting-shop","11":"product_tag-kombineza","12":"product_tag-kombineza-na-motokary","13":"product_tag-kombineza-sparco-thunder","14":"product_tag-motokarova-kombineza","15":"product_tag-motokary","16":"product_tag-sparco","17":"product_tag-sparco-kombineza-thunder","18":"product_tag-sparco-thunder","19":"product_tag-thunder","21":"first","22":"instock","23":"taxable","24":"shipping-taxable","25":"purchasable","26":"product-type-variable","27":"customify-col","28":"product-has-gallery"},"aioseo_notices":[],"_links":{"self":[{"href":"https:\/\/motokary-karting.sk\/cz\/wp-json\/wp\/v2\/product\/6884","targetHints":{"allow":["GET"]}}],"collection":[{"href":"https:\/\/motokary-karting.sk\/cz\/wp-json\/wp\/v2\/product"}],"about":[{"href":"https:\/\/motokary-karting.sk\/cz\/wp-json\/wp\/v2\/types\/product"}],"wp:featuredmedia":[{"embeddable":true,"href":"https:\/\/motokary-karting.sk\/cz\/wp-json\/wp\/v2\/media\/17255"}],"wp:attachment":[{"href":"https:\/\/motokary-karting.sk\/cz\/wp-json\/wp\/v2\/media?parent=6884"}],"wp:term":[{"taxonomy":"product_brand","embeddable":true,"href":"https:\/\/motokary-karting.sk\/cz\/wp-json\/wp\/v2\/product_brand?post=6884"},{"taxonomy":"product_cat","embeddable":true,"href":"https:\/\/motokary-karting.sk\/cz\/wp-json\/wp\/v2\/product_cat?post=6884"},{"taxonomy":"product_tag","embeddable":true,"href":"https:\/\/motokary-karting.sk\/cz\/wp-json\/wp\/v2\/product_tag?post=6884"}],"curies":[{"name":"wp","href":"https:\/\/api.w.org\/{rel}","templated":true}]}}