{"id":6922,"date":"2020-12-16T15:20:18","date_gmt":"2020-12-16T15:20:18","guid":{"rendered":"https:\/\/motokary-karting.sk\/?post_type=product&#038;p=6922"},"modified":"2026-02-16T11:10:21","modified_gmt":"2026-02-16T11:10:21","slug":"sparco-overal-do-dazda-t-1-evo","status":"publish","type":"product","link":"https:\/\/motokary-karting.sk\/cz\/produkt\/sparco-overal-do-dazda-t-1-evo\/","title":{"rendered":"Oblek do de\u0161t\u011b Sparco T-1 Evo"},"content":{"rendered":"<p>Pou\u017eijte pros\u00edm tabulku velikost\u00ed ve fotogalerii<\/p>","protected":false},"excerpt":{"rendered":"<p>Pou\u017eijte pros\u00edm tabulku velikost\u00ed ve fotogalerii<\/p>","protected":false},"featured_media":6931,"template":"","meta":[],"product_brand":[],"product_cat":[22,1379,18],"product_tag":[142,81,722,1452,230,26,1451,1829,1830],"class_list":{"0":"post-6922","1":"product","2":"type-product","3":"status-publish","4":"has-post-thumbnail","6":"product_cat-kombinezy","7":"product_cat-overaly-do-dazda","8":"product_cat-vybava-pretekara","9":"product_tag-karting","10":"product_tag-motokary","11":"product_tag-overal-do-dazda","12":"product_tag-overal-do-dazda-spaeco","13":"product_tag-rainsuit","14":"product_tag-sparco","15":"product_tag-sparco-overal-do-dazda","16":"product_tag-sparco-t-1","17":"product_tag-sparco-t-1-evo","19":"first","20":"instock","21":"taxable","22":"shipping-taxable","23":"purchasable","24":"product-type-variable","25":"customify-col","26":"product-has-gallery"},"aioseo_notices":[],"_links":{"self":[{"href":"https:\/\/motokary-karting.sk\/cz\/wp-json\/wp\/v2\/product\/6922","targetHints":{"allow":["GET"]}}],"collection":[{"href":"https:\/\/motokary-karting.sk\/cz\/wp-json\/wp\/v2\/product"}],"about":[{"href":"https:\/\/motokary-karting.sk\/cz\/wp-json\/wp\/v2\/types\/product"}],"wp:featuredmedia":[{"embeddable":true,"href":"https:\/\/motokary-karting.sk\/cz\/wp-json\/wp\/v2\/media\/6931"}],"wp:attachment":[{"href":"https:\/\/motokary-karting.sk\/cz\/wp-json\/wp\/v2\/media?parent=6922"}],"wp:term":[{"taxonomy":"product_brand","embeddable":true,"href":"https:\/\/motokary-karting.sk\/cz\/wp-json\/wp\/v2\/product_brand?post=6922"},{"taxonomy":"product_cat","embeddable":true,"href":"https:\/\/motokary-karting.sk\/cz\/wp-json\/wp\/v2\/product_cat?post=6922"},{"taxonomy":"product_tag","embeddable":true,"href":"https:\/\/motokary-karting.sk\/cz\/wp-json\/wp\/v2\/product_tag?post=6922"}],"curies":[{"name":"wp","href":"https:\/\/api.w.org\/{rel}","templated":true}]}}