{"id":7381,"date":"2020-11-19T17:32:48","date_gmt":"2020-11-19T17:32:48","guid":{"rendered":"https:\/\/motokary-karting.sk\/?post_type=product&#038;p=7381"},"modified":"2026-01-29T15:46:16","modified_gmt":"2026-01-29T15:46:16","slug":"sada-2ks-hlinikovych-zadnich-kotoucu-180mm-vcetne-6ks-sroubu","status":"publish","type":"product","link":"https:\/\/motokary-karting.sk\/cz\/produkt\/sada-2ks-disky-hlinikove-zadne-180mm-v-cene-6ks-skrutka\/","title":{"rendered":"Sada 2ks hlin\u00edkov\u00fdch zadn\u00edch kotou\u010d\u016f 180mm (v\u010detn\u011b 6ks \u0161roub\u016f)"},"content":{"rendered":"","protected":false},"excerpt":{"rendered":"<p>Dod\u00e1n\u00ed zbo\u017e\u00ed na objedn\u00e1vku do 7 dn\u016f<\/p>","protected":false},"featured_media":23839,"template":"","meta":[],"product_brand":[],"product_cat":[209,271,1465],"product_tag":[1838,210,1837,211,1467,142,1466,81],"class_list":{"0":"post-7381","1":"product","2":"type-product","3":"status-publish","4":"has-post-thumbnail","6":"product_cat-disky-prislusenstvo","7":"product_cat-nahradne-diely-na-podvozky","8":"product_cat-zadne","9":"product_tag-180mm-motokarovy-disk","10":"product_tag-disk","11":"product_tag-disk-180mm","12":"product_tag-disk-predny","13":"product_tag-hlinikovy-disk-na-motokaru","14":"product_tag-karting","15":"product_tag-motokarovy-disk","16":"product_tag-motokary","18":"first","19":"instock","20":"taxable","21":"shipping-taxable","22":"purchasable","23":"product-type-simple","24":"customify-col"},"aioseo_notices":[],"_links":{"self":[{"href":"https:\/\/motokary-karting.sk\/cz\/wp-json\/wp\/v2\/product\/7381","targetHints":{"allow":["GET"]}}],"collection":[{"href":"https:\/\/motokary-karting.sk\/cz\/wp-json\/wp\/v2\/product"}],"about":[{"href":"https:\/\/motokary-karting.sk\/cz\/wp-json\/wp\/v2\/types\/product"}],"wp:featuredmedia":[{"embeddable":true,"href":"https:\/\/motokary-karting.sk\/cz\/wp-json\/wp\/v2\/media\/23839"}],"wp:attachment":[{"href":"https:\/\/motokary-karting.sk\/cz\/wp-json\/wp\/v2\/media?parent=7381"}],"wp:term":[{"taxonomy":"product_brand","embeddable":true,"href":"https:\/\/motokary-karting.sk\/cz\/wp-json\/wp\/v2\/product_brand?post=7381"},{"taxonomy":"product_cat","embeddable":true,"href":"https:\/\/motokary-karting.sk\/cz\/wp-json\/wp\/v2\/product_cat?post=7381"},{"taxonomy":"product_tag","embeddable":true,"href":"https:\/\/motokary-karting.sk\/cz\/wp-json\/wp\/v2\/product_tag?post=7381"}],"curies":[{"name":"wp","href":"https:\/\/api.w.org\/{rel}","templated":true}]}}