{"id":743,"date":"2020-06-02T16:50:17","date_gmt":"2020-06-02T16:50:17","guid":{"rendered":"https:\/\/motokary-karting.sk\/?post_type=product&#038;p=743"},"modified":"2026-04-30T07:50:26","modified_gmt":"2026-04-30T07:50:26","slug":"zavodni-odev-s-chranicem-zeber-rp-1","status":"publish","type":"product","link":"https:\/\/motokary-karting.sk\/cz\/produkt\/rebrovy-chranic-racewear-rp-1\/","title":{"rendered":"Chr\u00e1ni\u010d \u017eeber RACEWEAR RP-1"},"content":{"rendered":"<p>Tvrd\u00fd plastov\u00fd chr\u00e1ni\u010d na vn\u011bj\u0161\u00ed stran\u011b, m\u011bkk\u00fd uvnit\u0159.<\/p>\n<p>-profesion\u00e1ln\u00ed chr\u00e1ni\u010d \u017eeber (bez homologace FIA)<br \/>\n-integrovan\u00fd chr\u00e1ni\u010d p\u00e1te\u0159e pro ochranu p\u00e1te\u0159e<br \/>\n-nastaviteln\u00e9 rychloup\u00edna\u010de<br \/>\n-optim\u00e1ln\u00ed sezen\u00ed d\u00edky nastaviteln\u00fdm ramenn\u00edm popruh\u016fm<br \/>\n-nejvy\u0161\u0161\u00ed mo\u017en\u00e1 ochrana s p\u0159\u00edjemn\u00fdm komfortem p\u0159i no\u0161en\u00ed<br \/>\n-lze nosit p\u0159es nebo pod kombin\u00e9zou<br \/>\n-Pou\u017eit\u00ed: p\u016fj\u010dovna motok\u00e1r, motok\u00e1ry, autokros<\/p>","protected":false},"excerpt":{"rendered":"<p>Tvrd\u00fd plastov\u00fd chr\u00e1ni\u010d na vn\u011bj\u0161\u00ed stran\u011b, m\u011bkk\u00fd uvnit\u0159. -Profesion\u00e1ln\u00ed chr\u00e1ni\u010d \u017eeber (bez homologace FIA) -Integrovan\u00fd chr\u00e1ni\u010d p\u00e1te\u0159e pro ochranu p\u00e1te\u0159e -Nastaviteln\u00e9 rychloup\u00ednac\u00ed podlo\u017eky -Optim\u00e1ln\u00ed usazen\u00ed d\u00edky...<\/p>","protected":false},"featured_media":32959,"template":"","meta":[],"product_brand":[],"product_cat":[88,18],"product_tag":[1243,721,1728,142,1344,2049,81,1030],"class_list":{"0":"post-743","1":"product","2":"type-product","3":"status-publish","4":"has-post-thumbnail","6":"product_cat-ochrana-rebier","7":"product_cat-vybava-pretekara","8":"product_tag-chranic-na-rebra","9":"product_tag-chranic-rebier","10":"product_tag-kart-shop","11":"product_tag-karting","12":"product_tag-karting-shop","13":"product_tag-motokarovy-chranic-rebeier","14":"product_tag-motokary","15":"product_tag-rebrovy-chranic","17":"first","18":"instock","19":"taxable","20":"shipping-taxable","21":"purchasable","22":"product-type-variable","23":"customify-col","24":"product-has-gallery"},"aioseo_notices":[],"_links":{"self":[{"href":"https:\/\/motokary-karting.sk\/cz\/wp-json\/wp\/v2\/product\/743","targetHints":{"allow":["GET"]}}],"collection":[{"href":"https:\/\/motokary-karting.sk\/cz\/wp-json\/wp\/v2\/product"}],"about":[{"href":"https:\/\/motokary-karting.sk\/cz\/wp-json\/wp\/v2\/types\/product"}],"wp:featuredmedia":[{"embeddable":true,"href":"https:\/\/motokary-karting.sk\/cz\/wp-json\/wp\/v2\/media\/32959"}],"wp:attachment":[{"href":"https:\/\/motokary-karting.sk\/cz\/wp-json\/wp\/v2\/media?parent=743"}],"wp:term":[{"taxonomy":"product_brand","embeddable":true,"href":"https:\/\/motokary-karting.sk\/cz\/wp-json\/wp\/v2\/product_brand?post=743"},{"taxonomy":"product_cat","embeddable":true,"href":"https:\/\/motokary-karting.sk\/cz\/wp-json\/wp\/v2\/product_cat?post=743"},{"taxonomy":"product_tag","embeddable":true,"href":"https:\/\/motokary-karting.sk\/cz\/wp-json\/wp\/v2\/product_tag?post=743"}],"curies":[{"name":"wp","href":"https:\/\/api.w.org\/{rel}","templated":true}]}}