{"id":7436,"date":"2020-12-22T15:36:35","date_gmt":"2020-12-22T15:36:35","guid":{"rendered":"https:\/\/motokary-karting.sk\/?post_type=product&#038;p=7436"},"modified":"2026-03-16T12:07:26","modified_gmt":"2026-03-16T12:07:26","slug":"brasna-na-helmu-sparco-4","status":"publish","type":"product","link":"https:\/\/motokary-karting.sk\/cz\/produkt\/sparco-taska-na-prilbu-2\/","title":{"rendered":"Bra\u0161na na helmu Sparco"},"content":{"rendered":"<p>Bra\u0161na na p\u0159ilbu Sparco z odoln\u00e9ho materi\u00e1lu. V\u011btrac\u00ed otvory pro optim\u00e1ln\u00ed cirkulaci vzduchu.<\/p>\n<p>Rozm\u011bry (Vx\u0160xH): 28 x 42 x 24 cm<br \/>\n100% polyester<br \/>\nBarva: \u010dern\u00e1<\/p>","protected":false},"excerpt":{"rendered":"<p>Bra\u0161na na p\u0159ilbu Sparco z odoln\u00e9ho materi\u00e1lu. V\u011btrac\u00ed otvory pro optim\u00e1ln\u00ed cirkulaci vzduchu. Rozm\u011bry (Vx\u0160xH): 28 x 42 x 24 cm Materi\u00e1l.<\/p>","protected":false},"featured_media":7437,"template":"","meta":[],"product_brand":[],"product_cat":[32,21,734,1579,158],"product_tag":[1728,142,81,1851,1853,26,1854,1755,1852,728],"class_list":{"0":"post-7436","1":"product","2":"type-product","3":"status-publish","4":"has-post-thumbnail","6":"product_cat-lifestyle-oblecenie-a-produkty-na-volny-cas","7":"product_cat-prilby","8":"product_cat-ruksaky-tasky-na-prilby","9":"product_cat-tasky-na-prilby","10":"product_cat-tip-na-darcek","11":"product_tag-kart-shop","12":"product_tag-karting","13":"product_tag-motokary","14":"product_tag-oba-lan-prilbu","15":"product_tag-obal-na-prilbu-sparco","16":"product_tag-sparco","17":"product_tag-sparco-obal-na-prilbu","18":"product_tag-sparco-shop","19":"product_tag-sparco-taska-na-prilbu","20":"product_tag-taska-na-helmu","22":"first","23":"instock","24":"taxable","25":"shipping-taxable","26":"purchasable","27":"product-type-simple","28":"customify-col"},"aioseo_notices":[],"_links":{"self":[{"href":"https:\/\/motokary-karting.sk\/cz\/wp-json\/wp\/v2\/product\/7436","targetHints":{"allow":["GET"]}}],"collection":[{"href":"https:\/\/motokary-karting.sk\/cz\/wp-json\/wp\/v2\/product"}],"about":[{"href":"https:\/\/motokary-karting.sk\/cz\/wp-json\/wp\/v2\/types\/product"}],"wp:featuredmedia":[{"embeddable":true,"href":"https:\/\/motokary-karting.sk\/cz\/wp-json\/wp\/v2\/media\/7437"}],"wp:attachment":[{"href":"https:\/\/motokary-karting.sk\/cz\/wp-json\/wp\/v2\/media?parent=7436"}],"wp:term":[{"taxonomy":"product_brand","embeddable":true,"href":"https:\/\/motokary-karting.sk\/cz\/wp-json\/wp\/v2\/product_brand?post=7436"},{"taxonomy":"product_cat","embeddable":true,"href":"https:\/\/motokary-karting.sk\/cz\/wp-json\/wp\/v2\/product_cat?post=7436"},{"taxonomy":"product_tag","embeddable":true,"href":"https:\/\/motokary-karting.sk\/cz\/wp-json\/wp\/v2\/product_tag?post=7436"}],"curies":[{"name":"wp","href":"https:\/\/api.w.org\/{rel}","templated":true}]}}