{"id":7443,"date":"2020-12-22T14:49:38","date_gmt":"2020-12-22T14:49:38","guid":{"rendered":"https:\/\/motokary-karting.sk\/?post_type=product&#038;p=7443"},"modified":"2026-03-10T13:49:40","modified_gmt":"2026-03-10T13:49:40","slug":"brasna-na-prilbu-bell-xxx","status":"publish","type":"product","link":"https:\/\/motokary-karting.sk\/cz\/produkt\/bell-taska-na-prilbu-xxx\/","title":{"rendered":"Bra\u0161na na helmu Bell"},"content":{"rendered":"<p>Robustn\u00ed bra\u0161na na p\u0159ilbu Bell s m\u011bkkou pod\u0161\u00edvkou. Integrovan\u00e9 s\u00ed\u0165ovan\u00e9 vlo\u017eky pro optim\u00e1ln\u00ed v\u011btr\u00e1n\u00ed a su\u0161en\u00ed p\u0159ilby. Bo\u010dn\u00ed kapsa na zip.<\/p>\n<p>Barva: \u010dern\u00e1<\/p>\n<p>Rozm\u011bry (Vx\u0160xH): 38x29x27 cm<\/p>","protected":false},"excerpt":{"rendered":"<p>Robustn\u00ed bra\u0161na na p\u0159ilbu Bell s m\u011bkkou pod\u0161\u00edvkou. Integrovan\u00e9 s\u00ed\u0165ovan\u00e9 vlo\u017eky pro optim\u00e1ln\u00ed v\u011btr\u00e1n\u00ed a su\u0161en\u00ed p\u0159ilby. Bo\u010dn\u00ed kapsa na zip. Barva: \u010dern\u00e1 Rozm\u011bry (Vx\u0160xH):...<\/p>","protected":false},"featured_media":7445,"template":"","meta":[],"product_brand":[],"product_cat":[32,21,734,1579,158],"product_tag":[1863,1864,1865,1860,1728,142,81,1862,728,1861],"class_list":{"0":"post-7443","1":"product","2":"type-product","3":"status-publish","4":"has-post-thumbnail","6":"product_cat-lifestyle-oblecenie-a-produkty-na-volny-cas","7":"product_cat-prilby","8":"product_cat-ruksaky-tasky-na-prilby","9":"product_cat-tasky-na-prilby","10":"product_cat-tip-na-darcek","11":"product_tag-bell-helmet-bag","12":"product_tag-bell-kabela-na-prilbu","13":"product_tag-bell-taska-na-helmu","14":"product_tag-bell-taska-na-prilbu","15":"product_tag-kart-shop","16":"product_tag-karting","17":"product_tag-motokary","18":"product_tag-obal-na-prilbu-bell","19":"product_tag-taska-na-helmu","20":"product_tag-taska-na-prilbu-bell","22":"first","23":"instock","24":"taxable","25":"shipping-taxable","26":"purchasable","27":"product-type-simple","28":"customify-col"},"aioseo_notices":[],"_links":{"self":[{"href":"https:\/\/motokary-karting.sk\/cz\/wp-json\/wp\/v2\/product\/7443","targetHints":{"allow":["GET"]}}],"collection":[{"href":"https:\/\/motokary-karting.sk\/cz\/wp-json\/wp\/v2\/product"}],"about":[{"href":"https:\/\/motokary-karting.sk\/cz\/wp-json\/wp\/v2\/types\/product"}],"wp:featuredmedia":[{"embeddable":true,"href":"https:\/\/motokary-karting.sk\/cz\/wp-json\/wp\/v2\/media\/7445"}],"wp:attachment":[{"href":"https:\/\/motokary-karting.sk\/cz\/wp-json\/wp\/v2\/media?parent=7443"}],"wp:term":[{"taxonomy":"product_brand","embeddable":true,"href":"https:\/\/motokary-karting.sk\/cz\/wp-json\/wp\/v2\/product_brand?post=7443"},{"taxonomy":"product_cat","embeddable":true,"href":"https:\/\/motokary-karting.sk\/cz\/wp-json\/wp\/v2\/product_cat?post=7443"},{"taxonomy":"product_tag","embeddable":true,"href":"https:\/\/motokary-karting.sk\/cz\/wp-json\/wp\/v2\/product_tag?post=7443"}],"curies":[{"name":"wp","href":"https:\/\/api.w.org\/{rel}","templated":true}]}}