{"id":7460,"date":"2025-02-22T16:44:56","date_gmt":"2025-02-22T16:44:56","guid":{"rendered":"https:\/\/motokary-karting.sk\/?post_type=product&#038;p=7460"},"modified":"2026-02-12T18:41:23","modified_gmt":"2026-02-12T18:41:23","slug":"cestovni-taska-sparco-2","status":"publish","type":"product","link":"https:\/\/motokary-karting.sk\/cz\/produkt\/sparco-cestovna-taska\/","title":{"rendered":"Sparco Cestovn\u00ed ta\u0161ka TOUR small"},"content":{"rendered":"<p>Cestovn\u00ed ta\u0161ka s kole\u010dky a v\u00fdsuvnou rukojet\u00ed.<\/p>\n<p>Rozm\u011bry (v x \u0161 x h): 25 x 55 x 35 cm<\/p>\n<p>100 % polyester<\/p>","protected":false},"excerpt":{"rendered":"<p>Cestovn\u00ed ta\u0161ka s kole\u010dky a v\u00fdsuvnou rukojet\u00ed. Rozm\u011bry (v x \u0161 x h): 25 x 55 x 35 cm Materi\u00e1l: 100 polyester %<\/p>","protected":false},"featured_media":32872,"template":"","meta":[],"product_brand":[],"product_cat":[2917,32,158],"product_tag":[1866,1870,1868,1728,142,1344,81,26,1867,1755],"class_list":{"0":"post-7460","1":"product","2":"type-product","3":"status-publish","4":"has-post-thumbnail","6":"product_cat-batozina","7":"product_cat-lifestyle-oblecenie-a-produkty-na-volny-cas","8":"product_cat-tip-na-darcek","9":"product_tag-cestovna-taska","10":"product_tag-cestovna-taska-sparco","11":"product_tag-cestovny-kufor-sparco","12":"product_tag-kart-shop","13":"product_tag-karting","14":"product_tag-karting-shop","15":"product_tag-motokary","16":"product_tag-sparco","17":"product_tag-sparco-cestovna-taska","18":"product_tag-sparco-shop","20":"first","21":"instock","22":"taxable","23":"shipping-taxable","24":"purchasable","25":"product-type-variable","26":"customify-col","27":"product-has-gallery"},"aioseo_notices":[],"_links":{"self":[{"href":"https:\/\/motokary-karting.sk\/cz\/wp-json\/wp\/v2\/product\/7460","targetHints":{"allow":["GET"]}}],"collection":[{"href":"https:\/\/motokary-karting.sk\/cz\/wp-json\/wp\/v2\/product"}],"about":[{"href":"https:\/\/motokary-karting.sk\/cz\/wp-json\/wp\/v2\/types\/product"}],"wp:featuredmedia":[{"embeddable":true,"href":"https:\/\/motokary-karting.sk\/cz\/wp-json\/wp\/v2\/media\/32872"}],"wp:attachment":[{"href":"https:\/\/motokary-karting.sk\/cz\/wp-json\/wp\/v2\/media?parent=7460"}],"wp:term":[{"taxonomy":"product_brand","embeddable":true,"href":"https:\/\/motokary-karting.sk\/cz\/wp-json\/wp\/v2\/product_brand?post=7460"},{"taxonomy":"product_cat","embeddable":true,"href":"https:\/\/motokary-karting.sk\/cz\/wp-json\/wp\/v2\/product_cat?post=7460"},{"taxonomy":"product_tag","embeddable":true,"href":"https:\/\/motokary-karting.sk\/cz\/wp-json\/wp\/v2\/product_tag?post=7460"}],"curies":[{"name":"wp","href":"https:\/\/api.w.org\/{rel}","templated":true}]}}