{"id":7480,"date":"2020-12-22T17:28:33","date_gmt":"2020-12-22T17:28:33","guid":{"rendered":"https:\/\/motokary-karting.sk\/?post_type=product&#038;p=7480"},"modified":"2023-08-14T18:29:30","modified_gmt":"2023-08-14T18:29:30","slug":"cestovni-taska-alpinestars-goanna","status":"publish","type":"product","link":"https:\/\/motokary-karting.sk\/cz\/produkt\/alpinestars-cestovna-taska-goanna\/","title":{"rendered":"Cestovn\u00ed ta\u0161ka Alpinestars Goanna"},"content":{"rendered":"<p>Praktick\u00e1 sportovn\u00ed ta\u0161ka GOANNA od spole\u010dnosti Alpinestars s velkou hlavn\u00ed p\u0159ihr\u00e1dkou, bo\u010dn\u00ed p\u0159ihr\u00e1dkou na zip a dal\u0161\u00ed vnit\u0159n\u00ed s\u00ed\u0165ovanou p\u0159ihr\u00e1dkou se zipem na klop\u011b v\u00edka nap\u0159. na kl\u00ed\u010de nebo doklady. Stabiln\u00ed vodoodpudiv\u00e9 dno chr\u00e1n\u00ed ta\u0161ku p\u0159ed ne\u010distotami a vlhkost\u00ed zespodu. Sou\u010d\u00e1st\u00ed jsou popruhy na no\u0161en\u00ed a p\u0159\u00eddavn\u00e1 ucha pro flexibiln\u00ed p\u0159en\u00e1\u0161en\u00ed.<\/p>\n<p>Rozm\u011bry: p\u0159ibli\u017en\u011b 82 x 39 x 45 cm<br \/>\nObjem: p\u0159ibli\u017en\u011b 125 litr\u016f<\/p>\n<p>Barva: \u010dern\u00e1 \/ antracitov\u00e1<\/p>","protected":false},"excerpt":{"rendered":"<p>Dod\u00e1n\u00ed zbo\u017e\u00ed na objedn\u00e1vku do 7-10 dn\u016f<\/p>","protected":false},"featured_media":7481,"template":"","meta":[],"product_brand":[],"product_cat":[2917,32],"product_tag":[1873,1866,1874,1728,142,1344,81],"class_list":{"0":"post-7480","1":"product","2":"type-product","3":"status-publish","4":"has-post-thumbnail","6":"product_cat-batozina","7":"product_cat-lifestyle-oblecenie-a-produkty-na-volny-cas","8":"product_tag-alpinestars-cestovna-taska","9":"product_tag-cestovna-taska","10":"product_tag-cestovna-taska-alpinestars","11":"product_tag-kart-shop","12":"product_tag-karting","13":"product_tag-karting-shop","14":"product_tag-motokary","16":"first","17":"onbackorder","18":"taxable","19":"shipping-taxable","20":"purchasable","21":"product-type-simple","22":"customify-col"},"aioseo_notices":[],"_links":{"self":[{"href":"https:\/\/motokary-karting.sk\/cz\/wp-json\/wp\/v2\/product\/7480","targetHints":{"allow":["GET"]}}],"collection":[{"href":"https:\/\/motokary-karting.sk\/cz\/wp-json\/wp\/v2\/product"}],"about":[{"href":"https:\/\/motokary-karting.sk\/cz\/wp-json\/wp\/v2\/types\/product"}],"wp:featuredmedia":[{"embeddable":true,"href":"https:\/\/motokary-karting.sk\/cz\/wp-json\/wp\/v2\/media\/7481"}],"wp:attachment":[{"href":"https:\/\/motokary-karting.sk\/cz\/wp-json\/wp\/v2\/media?parent=7480"}],"wp:term":[{"taxonomy":"product_brand","embeddable":true,"href":"https:\/\/motokary-karting.sk\/cz\/wp-json\/wp\/v2\/product_brand?post=7480"},{"taxonomy":"product_cat","embeddable":true,"href":"https:\/\/motokary-karting.sk\/cz\/wp-json\/wp\/v2\/product_cat?post=7480"},{"taxonomy":"product_tag","embeddable":true,"href":"https:\/\/motokary-karting.sk\/cz\/wp-json\/wp\/v2\/product_tag?post=7480"}],"curies":[{"name":"wp","href":"https:\/\/api.w.org\/{rel}","templated":true}]}}