{"id":7482,"date":"2020-12-22T17:32:54","date_gmt":"2020-12-22T17:32:54","guid":{"rendered":"https:\/\/motokary-karting.sk\/?post_type=product&#038;p=7482"},"modified":"2024-11-26T19:39:26","modified_gmt":"2024-11-26T19:39:26","slug":"cestovni-taska-sparco-trip","status":"publish","type":"product","link":"https:\/\/motokary-karting.sk\/cz\/produkt\/sparco-cestovna-taska-trip\/","title":{"rendered":"Cestovn\u00ed ta\u0161ka Sparco Trip"},"content":{"rendered":"<p>Velk\u00e1 funk\u010dn\u00ed cestovn\u00ed ta\u0161ka v robustn\u00edm proveden\u00ed. Velk\u00e1 hlavn\u00ed p\u0159ihr\u00e1dka a odn\u00edmateln\u00fd ramenn\u00ed popruh.<\/p>\n<p>Rozm\u011bry (Vx\u0160xH): 35 x 66 x 38 cm<br \/>\n100% polyester<\/p>\n<p>Barva: \u010dern\u00e1 \/ \u0161ed\u00e1<\/p>","protected":false},"excerpt":{"rendered":"<p>Velk\u00e1 funk\u010dn\u00ed cestovn\u00ed ta\u0161ka v robustn\u00edm proveden\u00ed. Velk\u00e1 hlavn\u00ed p\u0159ihr\u00e1dka a odn\u00edmateln\u00fd ramenn\u00ed popruh. Rozm\u011bry (Vx\u0160xH): 35 x 66 x 38 cm Materi\u00e1l: 100% polyester.<\/p>","protected":false},"featured_media":7488,"template":"","meta":[],"product_brand":[],"product_cat":[2917,32],"product_tag":[1866,1870,1728,142,1344,81,26,1867,1755],"class_list":{"0":"post-7482","1":"product","2":"type-product","3":"status-publish","4":"has-post-thumbnail","6":"product_cat-batozina","7":"product_cat-lifestyle-oblecenie-a-produkty-na-volny-cas","8":"product_tag-cestovna-taska","9":"product_tag-cestovna-taska-sparco","10":"product_tag-kart-shop","11":"product_tag-karting","12":"product_tag-karting-shop","13":"product_tag-motokary","14":"product_tag-sparco","15":"product_tag-sparco-cestovna-taska","16":"product_tag-sparco-shop","18":"first","19":"onbackorder","20":"taxable","21":"shipping-taxable","22":"purchasable","23":"product-type-simple","24":"customify-col","25":"product-has-gallery"},"aioseo_notices":[],"_links":{"self":[{"href":"https:\/\/motokary-karting.sk\/cz\/wp-json\/wp\/v2\/product\/7482","targetHints":{"allow":["GET"]}}],"collection":[{"href":"https:\/\/motokary-karting.sk\/cz\/wp-json\/wp\/v2\/product"}],"about":[{"href":"https:\/\/motokary-karting.sk\/cz\/wp-json\/wp\/v2\/types\/product"}],"wp:featuredmedia":[{"embeddable":true,"href":"https:\/\/motokary-karting.sk\/cz\/wp-json\/wp\/v2\/media\/7488"}],"wp:attachment":[{"href":"https:\/\/motokary-karting.sk\/cz\/wp-json\/wp\/v2\/media?parent=7482"}],"wp:term":[{"taxonomy":"product_brand","embeddable":true,"href":"https:\/\/motokary-karting.sk\/cz\/wp-json\/wp\/v2\/product_brand?post=7482"},{"taxonomy":"product_cat","embeddable":true,"href":"https:\/\/motokary-karting.sk\/cz\/wp-json\/wp\/v2\/product_cat?post=7482"},{"taxonomy":"product_tag","embeddable":true,"href":"https:\/\/motokary-karting.sk\/cz\/wp-json\/wp\/v2\/product_tag?post=7482"}],"curies":[{"name":"wp","href":"https:\/\/api.w.org\/{rel}","templated":true}]}}