{"id":7747,"date":"2020-12-30T13:45:52","date_gmt":"2020-12-30T13:45:52","guid":{"rendered":"https:\/\/motokary-karting.sk\/?post_type=product&#038;p=7747"},"modified":"2024-03-18T10:04:48","modified_gmt":"2024-03-18T10:04:48","slug":"prevodovka-pro-remenici-htd-rpp-zadni-naprava-30mm","status":"publish","type":"product","link":"https:\/\/motokary-karting.sk\/cz\/produkt\/ozubene-kolo-na-remenicu-htd-rpp-zadna-os-30mm\/","title":{"rendered":"Ozuben\u00e9 kolo pro \u0159emenici HTD + RPP - zadn\u00ed n\u00e1prava 30 mm"},"content":{"rendered":"","protected":false},"excerpt":{"rendered":"","protected":false},"featured_media":7754,"template":"","meta":[],"product_brand":[],"product_cat":[173,1240,77],"product_tag":[1890,1892,1891,1728,1344,81,1336,343,1896,1894,1895,290,702,1893,1888,1889],"class_list":{"0":"post-7747","1":"product","2":"type-product","3":"status-publish","4":"has-post-thumbnail","6":"product_cat-podvozky-nahradne-diely","7":"product_cat-remene-retaze-rozety-pozicovna","8":"product_cat-rental-karting","9":"product_tag-drive-belt","10":"product_tag-drive-belt-na-motokaru","11":"product_tag-drive-belt-wheel","12":"product_tag-kart-shop","13":"product_tag-karting-shop","14":"product_tag-motokary","15":"product_tag-nahradne-diely-na-motokary","16":"product_tag-ozubene-kolecko","17":"product_tag-ozubene-kolecko-na-remenicu-na-motokaru","18":"product_tag-ozubene-kolo","19":"product_tag-ozubene-kolo-na-remenicu","20":"product_tag-pozicovna-motokar","21":"product_tag-remen","22":"product_tag-remen-remenica-rpp-htd","23":"product_tag-remen-na-motokaru","24":"product_tag-remen-na-motokary-do-pozicovne","26":"first","27":"onbackorder","28":"taxable","29":"shipping-taxable","30":"purchasable","31":"product-type-variable","32":"customify-col"},"aioseo_notices":[],"_links":{"self":[{"href":"https:\/\/motokary-karting.sk\/cz\/wp-json\/wp\/v2\/product\/7747","targetHints":{"allow":["GET"]}}],"collection":[{"href":"https:\/\/motokary-karting.sk\/cz\/wp-json\/wp\/v2\/product"}],"about":[{"href":"https:\/\/motokary-karting.sk\/cz\/wp-json\/wp\/v2\/types\/product"}],"wp:featuredmedia":[{"embeddable":true,"href":"https:\/\/motokary-karting.sk\/cz\/wp-json\/wp\/v2\/media\/7754"}],"wp:attachment":[{"href":"https:\/\/motokary-karting.sk\/cz\/wp-json\/wp\/v2\/media?parent=7747"}],"wp:term":[{"taxonomy":"product_brand","embeddable":true,"href":"https:\/\/motokary-karting.sk\/cz\/wp-json\/wp\/v2\/product_brand?post=7747"},{"taxonomy":"product_cat","embeddable":true,"href":"https:\/\/motokary-karting.sk\/cz\/wp-json\/wp\/v2\/product_cat?post=7747"},{"taxonomy":"product_tag","embeddable":true,"href":"https:\/\/motokary-karting.sk\/cz\/wp-json\/wp\/v2\/product_tag?post=7747"}],"curies":[{"name":"wp","href":"https:\/\/api.w.org\/{rel}","templated":true}]}}