{"id":7843,"date":"2021-01-04T23:29:46","date_gmt":"2021-01-04T23:29:46","guid":{"rendered":"https:\/\/motokary-karting.sk\/?post_type=product&#038;p=7843"},"modified":"2026-04-30T10:08:48","modified_gmt":"2026-04-30T10:08:48","slug":"motor-rotax-micro-max-evo","status":"publish","type":"product","link":"https:\/\/motokary-karting.sk\/cz\/produkt\/motor-rotax-micro-max-evo\/","title":{"rendered":"Motor Rotax Micro MAX EVO"},"content":{"rendered":"<p>Kompletn\u00ed motor n\u00e1rodn\u00ed t\u0159\u00eddy Hmotnost 21,6 kg (11,8 kg hol\u00fd)<\/p>\n<p>Juniorsk\u00e1 l\u00e1hev bez vypou\u0161t\u011bc\u00edho ventilu, chladi\u010de a speci\u00e1ln\u00edho tlumi\u010de v\u00fdfuku pro minik\u00e1ry<\/p>\n<p>Balen\u00ed obsahuje: tlumi\u010d v\u00fdfuku, karbur\u00e1tor, palivov\u00e9 \u010derpadlo, motor, v\u00fdfukov\u00fd syst\u00e9m, chladi\u010d, sk\u0159\u00ed\u0148ku baterie, kabel\u00e1\u017e, tla\u010d\u00edtko zapalov\u00e1n\u00ed, vyp\u00edna\u010d.<\/p>\n<p>Pro r\u00e1my s rozte\u010d\u00ed 780 mm a\u017e 1050 mm<\/p>","protected":false},"excerpt":{"rendered":"<p>Kompletn\u00ed motor n\u00e1rodn\u00ed t\u0159\u00eddy Hmotnost 21,6 kg (11,8 kg hol\u00fd) Juniorsk\u00fd v\u00e1lec bez vypou\u0161t\u011bc\u00edho ventilu, chladi\u010de a speci\u00e1ln\u00edho tlumi\u010de v\u00fdfuku pro minik\u00e1ry Balen\u00ed obsahuje: tlumi\u010d v\u00fdfuku...<\/p>","protected":false},"featured_media":7844,"template":"","meta":[],"product_brand":[],"product_cat":[17,1911],"product_tag":[68,142,1344,1912,1917,81,1916,1913,1915,1918,1914],"class_list":{"0":"post-7843","1":"product","2":"type-product","3":"status-publish","4":"has-post-thumbnail","6":"product_cat-motory","7":"product_cat-rotax","8":"product_tag-engines","9":"product_tag-karting","10":"product_tag-karting-shop","11":"product_tag-motokarovy-motor","12":"product_tag-motokarovy-motor-rotax-micro-max","13":"product_tag-motokary","14":"product_tag-motor-micro-max-rotax","15":"product_tag-motor-na-motokaru","16":"product_tag-motor-rotax","17":"product_tag-predaj-motorov-rotax","18":"product_tag-rotax-micro-max","20":"first","21":"onbackorder","22":"taxable","23":"shipping-taxable","24":"purchasable","25":"product-type-simple","26":"customify-col"},"aioseo_notices":[],"_links":{"self":[{"href":"https:\/\/motokary-karting.sk\/cz\/wp-json\/wp\/v2\/product\/7843","targetHints":{"allow":["GET"]}}],"collection":[{"href":"https:\/\/motokary-karting.sk\/cz\/wp-json\/wp\/v2\/product"}],"about":[{"href":"https:\/\/motokary-karting.sk\/cz\/wp-json\/wp\/v2\/types\/product"}],"wp:featuredmedia":[{"embeddable":true,"href":"https:\/\/motokary-karting.sk\/cz\/wp-json\/wp\/v2\/media\/7844"}],"wp:attachment":[{"href":"https:\/\/motokary-karting.sk\/cz\/wp-json\/wp\/v2\/media?parent=7843"}],"wp:term":[{"taxonomy":"product_brand","embeddable":true,"href":"https:\/\/motokary-karting.sk\/cz\/wp-json\/wp\/v2\/product_brand?post=7843"},{"taxonomy":"product_cat","embeddable":true,"href":"https:\/\/motokary-karting.sk\/cz\/wp-json\/wp\/v2\/product_cat?post=7843"},{"taxonomy":"product_tag","embeddable":true,"href":"https:\/\/motokary-karting.sk\/cz\/wp-json\/wp\/v2\/product_tag?post=7843"}],"curies":[{"name":"wp","href":"https:\/\/api.w.org\/{rel}","templated":true}]}}