{"id":7847,"date":"2021-01-04T23:39:40","date_gmt":"2021-01-04T23:39:40","guid":{"rendered":"https:\/\/motokary-karting.sk\/?post_type=product&#038;p=7847"},"modified":"2026-01-19T13:42:48","modified_gmt":"2026-01-19T13:42:48","slug":"motor-rotax-junior-evo","status":"publish","type":"product","link":"https:\/\/motokary-karting.sk\/cz\/produkt\/motor-rotax-junior-evo\/","title":{"rendered":"Motor Rotax Junior MAX EVO"},"content":{"rendered":"<p>Kompletn\u00ed motor n\u00e1rodn\u00ed t\u0159\u00eddy Hmotnost 23,6 kg (11,8 kg hol\u00fd)<\/p>\n<p>Junior v\u00e1lec bez vypou\u0161t\u011bc\u00edho ventilu, restriktor uvnit\u0159 sloupku jaz\u00fd\u010dkov\u00e9ho ventilu a do v\u00fdfukov\u00e9ho potrub\u00ed<\/p>\n<p>Balen\u00ed: tlumi\u010d v\u00fdfuku, karbur\u00e1tor, palivov\u00e9 \u010derpadlo, motor, v\u00fdfukov\u00fd syst\u00e9m, chladi\u010d, sk\u0159\u00ed\u0148ka baterie, kabel\u00e1\u017e, vyp\u00edna\u010d.<\/p>\n<p>Pro r\u00e1my s rozte\u010d\u00ed 900 mm a\u017e 1050 mm<\/p>","protected":false},"excerpt":{"rendered":"<p>Kompletn\u00ed motor n\u00e1rodn\u00ed t\u0159\u00eddy Hmotnost 23,6 kg (11,8 kg hol\u00fd) Juniorsk\u00fd v\u00e1lec bez vypou\u0161t\u011bc\u00edho ventilu, restriktor uvnit\u0159 kolony jaz\u00fd\u010dkov\u00e9ho ventilu a do v\u00fdfukov\u00e9ho potrub\u00ed...<\/p>","protected":false},"featured_media":7848,"template":"","meta":[],"product_brand":[],"product_cat":[17,1911],"product_tag":[68,142,1344,1912,1917,81,1916,1913,1915,1922,1918,1921],"class_list":{"0":"post-7847","1":"product","2":"type-product","3":"status-publish","4":"has-post-thumbnail","6":"product_cat-motory","7":"product_cat-rotax","8":"product_tag-engines","9":"product_tag-karting","10":"product_tag-karting-shop","11":"product_tag-motokarovy-motor","12":"product_tag-motokarovy-motor-rotax-micro-max","13":"product_tag-motokary","14":"product_tag-motor-micro-max-rotax","15":"product_tag-motor-na-motokaru","16":"product_tag-motor-rotax","17":"product_tag-motor-rotax-junior-max","18":"product_tag-predaj-motorov-rotax","19":"product_tag-rotax-junior-max","21":"first","22":"onbackorder","23":"taxable","24":"shipping-taxable","25":"purchasable","26":"product-type-simple","27":"customify-col"},"aioseo_notices":[],"_links":{"self":[{"href":"https:\/\/motokary-karting.sk\/cz\/wp-json\/wp\/v2\/product\/7847","targetHints":{"allow":["GET"]}}],"collection":[{"href":"https:\/\/motokary-karting.sk\/cz\/wp-json\/wp\/v2\/product"}],"about":[{"href":"https:\/\/motokary-karting.sk\/cz\/wp-json\/wp\/v2\/types\/product"}],"wp:featuredmedia":[{"embeddable":true,"href":"https:\/\/motokary-karting.sk\/cz\/wp-json\/wp\/v2\/media\/7848"}],"wp:attachment":[{"href":"https:\/\/motokary-karting.sk\/cz\/wp-json\/wp\/v2\/media?parent=7847"}],"wp:term":[{"taxonomy":"product_brand","embeddable":true,"href":"https:\/\/motokary-karting.sk\/cz\/wp-json\/wp\/v2\/product_brand?post=7847"},{"taxonomy":"product_cat","embeddable":true,"href":"https:\/\/motokary-karting.sk\/cz\/wp-json\/wp\/v2\/product_cat?post=7847"},{"taxonomy":"product_tag","embeddable":true,"href":"https:\/\/motokary-karting.sk\/cz\/wp-json\/wp\/v2\/product_tag?post=7847"}],"curies":[{"name":"wp","href":"https:\/\/api.w.org\/{rel}","templated":true}]}}