{"id":7849,"date":"2021-01-04T23:45:31","date_gmt":"2021-01-04T23:45:31","guid":{"rendered":"https:\/\/motokary-karting.sk\/?post_type=product&#038;p=7849"},"modified":"2026-01-19T13:42:48","modified_gmt":"2026-01-19T13:42:48","slug":"motor-rotax-max-evo","status":"publish","type":"product","link":"https:\/\/motokary-karting.sk\/cz\/produkt\/motor-rotax-max-evo\/","title":{"rendered":"Motor Rotax MAX EVO"},"content":{"rendered":"<p>V\u011bk od 15 let<\/p>\n<p>n\u00e1rodn\u00ed a mezin\u00e1rodn\u00ed t\u0159\u00edda<\/p>\n<p>kompletn\u00ed motor Hmotnost 23,6 kg (11,8 kg bez motoru)<\/p>\n<p>star\u0161\u00ed v\u00e1lec s v\u00fdfukov\u00fdm ventilem<\/p>\n<p>Balen\u00ed: tlumi\u010d v\u00fdfuku, karbur\u00e1tor, palivov\u00e9 \u010derpadlo, motor, v\u00fdfukov\u00fd syst\u00e9m, chladi\u010d, bateriov\u00fd box, kabel\u00e1\u017e, tla\u010d\u00edtko, sp\u00edna\u010d<\/p>\n<p>Pro r\u00e1my s rozte\u010d\u00ed do 1050 mm<\/p>","protected":false},"excerpt":{"rendered":"<p>V\u011bk od 15 let n\u00e1rodn\u00ed a mezin\u00e1rodn\u00ed t\u0159\u00edda kompletn\u00ed motor Hmotnost 23,6 kg (11,8 kg nah\u00fd) star\u0161\u00ed v\u00e1lec s v\u00fdfukov\u00fdm ventilem Balen\u00ed: tlumi\u010d v\u00fdfuku, karbur\u00e1tor,...<\/p>","protected":false},"featured_media":7850,"template":"","meta":[],"product_brand":[],"product_cat":[17,1911],"product_tag":[68,142,1344,1912,81,1916,1913,1915,1924,1925,1918,1923],"class_list":{"0":"post-7849","1":"product","2":"type-product","3":"status-publish","4":"has-post-thumbnail","6":"product_cat-motory","7":"product_cat-rotax","8":"product_tag-engines","9":"product_tag-karting","10":"product_tag-karting-shop","11":"product_tag-motokarovy-motor","12":"product_tag-motokary","13":"product_tag-motor-micro-max-rotax","14":"product_tag-motor-na-motokaru","15":"product_tag-motor-rotax","16":"product_tag-motor-rotax-max-senior","17":"product_tag-motor-rotax-senior-max","18":"product_tag-predaj-motorov-rotax","19":"product_tag-rotax-max-senior","21":"first","22":"onbackorder","23":"taxable","24":"shipping-taxable","25":"purchasable","26":"product-type-simple","27":"customify-col"},"aioseo_notices":[],"_links":{"self":[{"href":"https:\/\/motokary-karting.sk\/cz\/wp-json\/wp\/v2\/product\/7849","targetHints":{"allow":["GET"]}}],"collection":[{"href":"https:\/\/motokary-karting.sk\/cz\/wp-json\/wp\/v2\/product"}],"about":[{"href":"https:\/\/motokary-karting.sk\/cz\/wp-json\/wp\/v2\/types\/product"}],"wp:featuredmedia":[{"embeddable":true,"href":"https:\/\/motokary-karting.sk\/cz\/wp-json\/wp\/v2\/media\/7850"}],"wp:attachment":[{"href":"https:\/\/motokary-karting.sk\/cz\/wp-json\/wp\/v2\/media?parent=7849"}],"wp:term":[{"taxonomy":"product_brand","embeddable":true,"href":"https:\/\/motokary-karting.sk\/cz\/wp-json\/wp\/v2\/product_brand?post=7849"},{"taxonomy":"product_cat","embeddable":true,"href":"https:\/\/motokary-karting.sk\/cz\/wp-json\/wp\/v2\/product_cat?post=7849"},{"taxonomy":"product_tag","embeddable":true,"href":"https:\/\/motokary-karting.sk\/cz\/wp-json\/wp\/v2\/product_tag?post=7849"}],"curies":[{"name":"wp","href":"https:\/\/api.w.org\/{rel}","templated":true}]}}