{"id":8001,"date":"2021-01-14T15:39:11","date_gmt":"2021-01-14T15:39:11","guid":{"rendered":"https:\/\/motokary-karting.sk\/?post_type=product&#038;p=8001"},"modified":"2022-02-17T11:21:47","modified_gmt":"2022-02-17T11:21:47","slug":"sada-pojistek-zadniho-narazniku-2ks","status":"publish","type":"product","link":"https:\/\/motokary-karting.sk\/cz\/produkt\/zavlacka-poistka-na-zadny-naraznik-sada-2ks\/","title":{"rendered":"Z\u00e1v\u011bsn\u00fd kol\u00edk \/ z\u00e1mek pro zadn\u00ed n\u00e1razn\u00edk - SADA 2 kus\u016f"},"content":{"rendered":"","protected":false},"excerpt":{"rendered":"","protected":false},"featured_media":8002,"template":"","meta":[],"product_brand":[],"product_cat":[271,184],"product_tag":[1983,1984,142,34,81,1981,1698,1985,1982,1986],"class_list":{"0":"post-8001","1":"product","2":"type-product","3":"status-publish","4":"has-post-thumbnail","6":"product_cat-nahradne-diely-na-podvozky","7":"product_cat-spojlery-prislusenstvo","8":"product_tag-drziakzadneho-naraznika-fia-cik","9":"product_tag-kart-sop","10":"product_tag-karting","11":"product_tag-motokara","12":"product_tag-motokary","13":"product_tag-poistka-na-zadny-naraznik","14":"product_tag-predajna-motokar","15":"product_tag-preteky-motokar","16":"product_tag-zavlacka-na-zadny-naraznik","17":"product_tag-zavody-motokar","19":"first","20":"onbackorder","21":"taxable","22":"shipping-taxable","23":"purchasable","24":"product-type-simple","25":"customify-col"},"aioseo_notices":[],"_links":{"self":[{"href":"https:\/\/motokary-karting.sk\/cz\/wp-json\/wp\/v2\/product\/8001","targetHints":{"allow":["GET"]}}],"collection":[{"href":"https:\/\/motokary-karting.sk\/cz\/wp-json\/wp\/v2\/product"}],"about":[{"href":"https:\/\/motokary-karting.sk\/cz\/wp-json\/wp\/v2\/types\/product"}],"wp:featuredmedia":[{"embeddable":true,"href":"https:\/\/motokary-karting.sk\/cz\/wp-json\/wp\/v2\/media\/8002"}],"wp:attachment":[{"href":"https:\/\/motokary-karting.sk\/cz\/wp-json\/wp\/v2\/media?parent=8001"}],"wp:term":[{"taxonomy":"product_brand","embeddable":true,"href":"https:\/\/motokary-karting.sk\/cz\/wp-json\/wp\/v2\/product_brand?post=8001"},{"taxonomy":"product_cat","embeddable":true,"href":"https:\/\/motokary-karting.sk\/cz\/wp-json\/wp\/v2\/product_cat?post=8001"},{"taxonomy":"product_tag","embeddable":true,"href":"https:\/\/motokary-karting.sk\/cz\/wp-json\/wp\/v2\/product_tag?post=8001"}],"curies":[{"name":"wp","href":"https:\/\/api.w.org\/{rel}","templated":true}]}}