{"id":8003,"date":"2021-01-14T15:44:14","date_gmt":"2021-01-14T15:44:14","guid":{"rendered":"https:\/\/motokary-karting.sk\/?post_type=product&#038;p=8003"},"modified":"2026-04-22T20:30:01","modified_gmt":"2026-04-22T20:30:01","slug":"retaz-delal-puvodni-219-htm-dha","status":"publish","type":"product","link":"https:\/\/motokary-karting.sk\/cz\/produkt\/retaz-did-original-219-htm-dha\/","title":{"rendered":"\u0158et\u011bzec DID p\u016fvodn\u00ed 219 HTM DHA"},"content":{"rendered":"<p>\u0158et\u011bz DID HTM 219 DHA pro v\u0161echny motok\u00e1ry s \u0159et\u011bzem 219<\/p>\n<p>Nov\u00e1 verze zlat\u00e1 - \u010dern\u00e1 zes\u00edlen\u00e1 pro v\u011bt\u0161\u00ed odolnost<\/p>\n<p>Na motok\u00e1ry:<\/p>\n<p>60 cm3, d\u00edt\u011b<\/p>\n<p>60 cm3 Mini<\/p>\n<p>100 cm3 (p\u00edstov\u00fd vrt a p\u0159\u00edm\u00fd pohon)<\/p>\n<p>125 ccm KFJ KF<\/p>\n<p>125ccm OKJ OK<\/p>\n<p>K dispozici ve v\u0161ech velikostech (98 a\u017e 112)<\/p>","protected":false},"excerpt":{"rendered":"<p>\u0158et\u011bz DID HTM 219 DHA pro v\u0161echny motok\u00e1ry s \u0159et\u011bzem 219 Nov\u00e1 verze zlato-\u010dern\u011b zes\u00edlen\u00e1 pro del\u0161\u00ed \u017eivotnost Pro motok\u00e1ry: 60 ccm, d\u011btsk\u00e9 60 ccm,...<\/p>","protected":false},"featured_media":8013,"template":"","meta":[],"product_brand":[],"product_cat":[271,341],"product_tag":[389,617,616,142,1344,539,81,534,615,540,2399,2401,2400],"class_list":{"0":"post-8003","1":"product","2":"type-product","3":"status-publish","4":"has-post-thumbnail","6":"product_cat-nahradne-diely-na-podvozky","7":"product_cat-retaze-rozety-kryty-na-retaz","8":"product_tag-389","9":"product_tag-d-i-d","10":"product_tag-did","11":"product_tag-karting","12":"product_tag-karting-shop","13":"product_tag-motokarova-retaz","14":"product_tag-motokary","15":"product_tag-retaz","16":"product_tag-retaz-219","17":"product_tag-retaz-na-motokaru","18":"product_tag-retaz-na-rotax","19":"product_tag-rotax-original-retaz","20":"product_tag-rotax-retaz","22":"first","23":"instock","24":"sale","25":"taxable","26":"shipping-taxable","27":"purchasable","28":"product-type-variable","29":"customify-col"},"aioseo_notices":[],"_links":{"self":[{"href":"https:\/\/motokary-karting.sk\/cz\/wp-json\/wp\/v2\/product\/8003","targetHints":{"allow":["GET"]}}],"collection":[{"href":"https:\/\/motokary-karting.sk\/cz\/wp-json\/wp\/v2\/product"}],"about":[{"href":"https:\/\/motokary-karting.sk\/cz\/wp-json\/wp\/v2\/types\/product"}],"wp:featuredmedia":[{"embeddable":true,"href":"https:\/\/motokary-karting.sk\/cz\/wp-json\/wp\/v2\/media\/8013"}],"wp:attachment":[{"href":"https:\/\/motokary-karting.sk\/cz\/wp-json\/wp\/v2\/media?parent=8003"}],"wp:term":[{"taxonomy":"product_brand","embeddable":true,"href":"https:\/\/motokary-karting.sk\/cz\/wp-json\/wp\/v2\/product_brand?post=8003"},{"taxonomy":"product_cat","embeddable":true,"href":"https:\/\/motokary-karting.sk\/cz\/wp-json\/wp\/v2\/product_cat?post=8003"},{"taxonomy":"product_tag","embeddable":true,"href":"https:\/\/motokary-karting.sk\/cz\/wp-json\/wp\/v2\/product_tag?post=8003"}],"curies":[{"name":"wp","href":"https:\/\/api.w.org\/{rel}","templated":true}]}}