{"id":8243,"date":"2021-01-20T22:28:01","date_gmt":"2021-01-20T22:28:01","guid":{"rendered":"https:\/\/motokary-karting.sk\/?post_type=product&#038;p=8243"},"modified":"2026-01-30T20:45:07","modified_gmt":"2026-01-30T20:45:07","slug":"tricko-sparco-martini-racing","status":"publish","type":"product","link":"https:\/\/motokary-karting.sk\/cz\/produkt\/sparco-tricko-martini-racing\/","title":{"rendered":"Sparco Tri\u010dko Martini Racing"},"content":{"rendered":"<p>Sportovn\u00ed tri\u010dko Sparco z elastick\u00e9ho \u017eerzeje v legend\u00e1rn\u00edm vzhledu MARTINI RACING.<\/p>\n<p>95% bavlna, 5% elastan<\/p>","protected":false},"excerpt":{"rendered":"<p>Sportovn\u00ed tri\u010dko Sparco z elastick\u00e9ho \u017eerzeje v legend\u00e1rn\u00edm vzhledu MARTINI RACING. 95% bavlna, 5% elastan.<\/p>","protected":false},"featured_media":8263,"template":"","meta":[],"product_brand":[],"product_cat":[32,1458,655],"product_tag":[1728,142,1344,1421,81,945,26,946,2001,2002,1755,993,2003,1004,1005,261,466,1003],"class_list":{"0":"post-8243","1":"product","2":"type-product","3":"status-publish","4":"has-post-thumbnail","6":"product_cat-lifestyle-oblecenie-a-produkty-na-volny-cas","7":"product_cat-martini-racing","8":"product_cat-tricka","9":"product_tag-kart-shop","10":"product_tag-karting","11":"product_tag-karting-shop","12":"product_tag-martini-racing","13":"product_tag-motokary","14":"product_tag-predajna-sparco","15":"product_tag-sparco","16":"product_tag-sparco-dealer","17":"product_tag-sparco-martini","18":"product_tag-sparco-martini-racing-kolekcia-oblecenia","19":"product_tag-sparco-shop","20":"product_tag-sparco-tricko","21":"product_tag-sparco-tricko-martini","22":"product_tag-sparco-tricko-tron","23":"product_tag-sparco-tron","24":"product_tag-tricko","25":"product_tag-tricko-sparco","26":"product_tag-tricko-tron","28":"first","29":"onbackorder","30":"taxable","31":"shipping-taxable","32":"purchasable","33":"product-type-variable","34":"customify-col","35":"product-has-gallery"},"aioseo_notices":[],"_links":{"self":[{"href":"https:\/\/motokary-karting.sk\/cz\/wp-json\/wp\/v2\/product\/8243","targetHints":{"allow":["GET"]}}],"collection":[{"href":"https:\/\/motokary-karting.sk\/cz\/wp-json\/wp\/v2\/product"}],"about":[{"href":"https:\/\/motokary-karting.sk\/cz\/wp-json\/wp\/v2\/types\/product"}],"wp:featuredmedia":[{"embeddable":true,"href":"https:\/\/motokary-karting.sk\/cz\/wp-json\/wp\/v2\/media\/8263"}],"wp:attachment":[{"href":"https:\/\/motokary-karting.sk\/cz\/wp-json\/wp\/v2\/media?parent=8243"}],"wp:term":[{"taxonomy":"product_brand","embeddable":true,"href":"https:\/\/motokary-karting.sk\/cz\/wp-json\/wp\/v2\/product_brand?post=8243"},{"taxonomy":"product_cat","embeddable":true,"href":"https:\/\/motokary-karting.sk\/cz\/wp-json\/wp\/v2\/product_cat?post=8243"},{"taxonomy":"product_tag","embeddable":true,"href":"https:\/\/motokary-karting.sk\/cz\/wp-json\/wp\/v2\/product_tag?post=8243"}],"curies":[{"name":"wp","href":"https:\/\/api.w.org\/{rel}","templated":true}]}}