{"id":8463,"date":"2024-12-12T11:33:44","date_gmt":"2024-12-12T11:33:44","guid":{"rendered":"https:\/\/motokary-karting.sk\/?post_type=product&#038;p=8463"},"modified":"2026-02-11T10:12:30","modified_gmt":"2026-02-11T10:12:30","slug":"prilba-bell-rs7-k-2","status":"publish","type":"product","link":"https:\/\/motokary-karting.sk\/cz\/produkt\/bell-prilba-rs7-k\/","title":{"rendered":"P\u0159ilba Bell RS7-K"},"content":{"rendered":"<p>Motok\u00e1rov\u00e1 p\u0159ilba Bell RS7-K je obdobou \u00fasp\u011b\u0161n\u00e9ho \u0161pi\u010dkov\u00e9ho modelu HP7 z Formule 1 - optimalizovan\u00e1 pro motok\u00e1ry. Je vyrobena z mimo\u0159\u00e1dn\u011b lehk\u00e9 a stabiln\u00ed kompozitn\u00ed sm\u011bsi karbonu, kevlaru a skeln\u00fdch vl\u00e1ken a 14 v\u011btrac\u00edch otvor\u016f sm\u011b\u0159uj\u00edc\u00edch do ventila\u010dn\u00edho syst\u00e9mu zaji\u0161\u0165uje vynikaj\u00edc\u00ed ventilaci. V\u00fdborn\u011b padnouc\u00ed. Bezprobl\u00e9mov\u011b roz\u0161i\u0159iteln\u00fd o r\u016fzn\u00e9 spoilery a dal\u0161\u00ed v\u011btrac\u00ed vlo\u017eky. Mlhov\u00fd \u0161t\u00edt s dvojit\u00fdm vnit\u0159n\u00edm oblo\u017een\u00edm je sou\u010d\u00e1st\u00ed standardn\u00ed v\u00fdbavy.<\/p>\n<p>&nbsp;<\/p>","protected":false},"excerpt":{"rendered":"<p>Motok\u00e1rov\u00e1 p\u0159ilba Bell RS7-K je obdobou \u00fasp\u011b\u0161n\u00e9ho \u0161pi\u010dkov\u00e9ho modelu HP7 z Formule 1 - optimalizovan\u00e1 pro motok\u00e1ry. Je vyrobena z mimo\u0159\u00e1dn\u011b lehk\u00e9 a stabiln\u00ed kompozitn\u00ed sm\u011bsi karbonu,...<\/p>","protected":false},"featured_media":29730,"template":"","meta":[],"product_brand":[],"product_cat":[962,21,18],"product_tag":[963,964,965,1689,967,1728,142,2019,2018,984,2022,81,1690,985,1675],"class_list":{"0":"post-8463","1":"product","2":"type-product","3":"status-publish","4":"has-post-thumbnail","6":"product_cat-bell","7":"product_cat-prilby","8":"product_cat-vybava-pretekara","9":"product_tag-bell","10":"product_tag-bell-helmets","11":"product_tag-bell-prilba","12":"product_tag-bell-prilba-rs7-k","13":"product_tag-bell-rs7-k","14":"product_tag-kart-shop","15":"product_tag-karting","16":"product_tag-kartingova-helma","17":"product_tag-kartingovs-prilba","18":"product_tag-motokarova-prilba","19":"product_tag-motokarova-prilba-bell","20":"product_tag-motokary","21":"product_tag-prilba-bell-rs7-k","22":"product_tag-prilba-na-motokary","23":"product_tag-prilby-bell","25":"first","26":"instock","27":"taxable","28":"shipping-taxable","29":"purchasable","30":"product-type-variable","31":"customify-col","32":"product-has-gallery"},"aioseo_notices":[],"_links":{"self":[{"href":"https:\/\/motokary-karting.sk\/cz\/wp-json\/wp\/v2\/product\/8463","targetHints":{"allow":["GET"]}}],"collection":[{"href":"https:\/\/motokary-karting.sk\/cz\/wp-json\/wp\/v2\/product"}],"about":[{"href":"https:\/\/motokary-karting.sk\/cz\/wp-json\/wp\/v2\/types\/product"}],"wp:featuredmedia":[{"embeddable":true,"href":"https:\/\/motokary-karting.sk\/cz\/wp-json\/wp\/v2\/media\/29730"}],"wp:attachment":[{"href":"https:\/\/motokary-karting.sk\/cz\/wp-json\/wp\/v2\/media?parent=8463"}],"wp:term":[{"taxonomy":"product_brand","embeddable":true,"href":"https:\/\/motokary-karting.sk\/cz\/wp-json\/wp\/v2\/product_brand?post=8463"},{"taxonomy":"product_cat","embeddable":true,"href":"https:\/\/motokary-karting.sk\/cz\/wp-json\/wp\/v2\/product_cat?post=8463"},{"taxonomy":"product_tag","embeddable":true,"href":"https:\/\/motokary-karting.sk\/cz\/wp-json\/wp\/v2\/product_tag?post=8463"}],"curies":[{"name":"wp","href":"https:\/\/api.w.org\/{rel}","templated":true}]}}