{"id":8705,"date":"2021-02-23T08:31:03","date_gmt":"2021-02-23T08:31:03","guid":{"rendered":"https:\/\/motokary-karting.sk\/?post_type=product&#038;p=8705"},"modified":"2026-05-05T13:20:56","modified_gmt":"2026-05-05T13:20:56","slug":"podlozka-pod-sedadlo-cerna-cerny-plast-silny-13mm-10mm-sroub","status":"publish","type":"product","link":"https:\/\/motokary-karting.sk\/cz\/produkt\/podlozka-sedadla-black-cierna-plastova-hrubka-13mm-10mm-skrutka\/","title":{"rendered":"Podlo\u017eka sedadla BLACK (\u010dern\u00e1) plast | tlou\u0161\u0165ka 13 mm, \u0161roub 10 mm"},"content":{"rendered":"","protected":false},"excerpt":{"rendered":"","protected":false},"featured_media":8707,"template":"","meta":[],"product_brand":[],"product_cat":[271,173,366,77,279,1241],"product_tag":[142,1344,81,292,293],"class_list":{"0":"post-8705","1":"product","2":"type-product","3":"status-publish","4":"has-post-thumbnail","6":"product_cat-nahradne-diely-na-podvozky","7":"product_cat-podvozky-nahradne-diely","8":"product_cat-prislusenstvo-k-sedadlam","9":"product_cat-rental-karting","10":"product_cat-sedadla-prislusenstvo","11":"product_cat-sedadla-prislusenstvo-pozicovna","12":"product_tag-karting","13":"product_tag-karting-shop","14":"product_tag-motokary","15":"product_tag-podlozka-skrutky-sedadla","16":"product_tag-pozicovna","18":"first","19":"instock","20":"taxable","21":"shipping-taxable","22":"purchasable","23":"product-type-simple","24":"customify-col"},"aioseo_notices":[],"_links":{"self":[{"href":"https:\/\/motokary-karting.sk\/cz\/wp-json\/wp\/v2\/product\/8705","targetHints":{"allow":["GET"]}}],"collection":[{"href":"https:\/\/motokary-karting.sk\/cz\/wp-json\/wp\/v2\/product"}],"about":[{"href":"https:\/\/motokary-karting.sk\/cz\/wp-json\/wp\/v2\/types\/product"}],"wp:featuredmedia":[{"embeddable":true,"href":"https:\/\/motokary-karting.sk\/cz\/wp-json\/wp\/v2\/media\/8707"}],"wp:attachment":[{"href":"https:\/\/motokary-karting.sk\/cz\/wp-json\/wp\/v2\/media?parent=8705"}],"wp:term":[{"taxonomy":"product_brand","embeddable":true,"href":"https:\/\/motokary-karting.sk\/cz\/wp-json\/wp\/v2\/product_brand?post=8705"},{"taxonomy":"product_cat","embeddable":true,"href":"https:\/\/motokary-karting.sk\/cz\/wp-json\/wp\/v2\/product_cat?post=8705"},{"taxonomy":"product_tag","embeddable":true,"href":"https:\/\/motokary-karting.sk\/cz\/wp-json\/wp\/v2\/product_tag?post=8705"}],"curies":[{"name":"wp","href":"https:\/\/api.w.org\/{rel}","templated":true}]}}