{"id":882,"date":"2020-06-02T21:15:35","date_gmt":"2020-06-02T21:15:35","guid":{"rendered":"https:\/\/motokary-karting.sk\/?post_type=product&#038;p=882"},"modified":"2026-01-28T17:34:23","modified_gmt":"2026-01-28T17:34:23","slug":"ls2-helma-poppies-ruzova","status":"publish","type":"product","link":"https:\/\/motokary-karting.sk\/cz\/produkt\/ls2-prilba-poppies-ruzova\/","title":{"rendered":"P\u0159ilba LS2 POPPIES fialov\u00e1"},"content":{"rendered":"<p>Nov\u00fd model FF353 Rapid p\u0159edstavuje z\u00e1kladn\u00ed kompromis mezi vysokou ochranou a jednoduch\u00fdm designem. Tato nov\u00e1 p\u0159ilba \u0159ady LS2 je vyrobena z HPTT, sm\u011bsi ABS, kter\u00e1 poskytuje celkov\u011b velmi lehkou konstrukci s velmi n\u00edzkou hmotnost\u00ed, t\u0159emi velikostmi sko\u0159epiny, deflektorem dechu, \u0161t\u00edtem t\u0159\u00eddy A a rychloup\u00ednac\u00edm syst\u00e9mem. Tato p\u0159ilba je ide\u00e1ln\u00ed pro ka\u017edodenn\u00ed v\u00fdlety do m\u011bsta a je velmi pohodln\u00e1 na st\u0159edn\u00ed vzd\u00e1lenosti. Vlastnosti hled\u00ed LS2 FF353 Rapid Solid S vn\u011bj\u0161\u00ed sko\u0159epinou vyrobenou technologi\u00ed HPTT (High Pressure Thermoplastic Technology) je hled\u00ed LS2 vybaveno 3D opticky spr\u00e1vn\u00fdm polykarbon\u00e1tem \u201et\u0159\u00eddy A\u201c a tak\u00e9 prostorov\u011b \u00fasporn\u00fdm polymerem odoln\u00fdm proti n\u00e1raz\u016fm, kter\u00fd zabra\u0148uje zkreslen\u00ed a poskytuje maxim\u00e1ln\u00ed pr\u016fhlednost. Pr\u016fhledn\u00fd syst\u00e9m odoln\u00fd proti po\u0161kr\u00e1b\u00e1n\u00ed Syst\u00e9m rychl\u00e9ho uvoln\u011bn\u00ed Odoln\u00fd proti UV z\u00e1\u0159en\u00ed Syst\u00e9m proti zaml\u017een\u00ed Pod\u0161\u00edvka Pinlock Sn\u00edmateln\u00e1 Omyvateln\u00e1 Prody\u0161n\u00e1 Hypoalergenn\u00ed Bezpe\u010dnost Zorn\u00edk LS2 Breath Deflector nab\u00edz\u00ed r\u016fzn\u00e9 velikosti sko\u0159epin s ochrann\u00fdmi vlo\u017ekami EPS speci\u00e1ln\u00ed velikosti a tak\u00e9 pr\u00e9miov\u00e9 vysoce v\u00fdkonn\u00e9 komfortn\u00ed pol\u0161t\u00e1\u0159ky s exkluzivn\u00ed 3D laserem \u0159ezanou p\u011bnou LS2 pro dokonal\u00e9 p\u0159izp\u016fsoben\u00ed a celodenn\u00ed pohodl\u00ed. Vyztu\u017een\u00fd n\u00e1prsenkov\u00fd p\u00e1sek s rychloup\u00ednac\u00edm syst\u00e9mem Ventilace krku ESP s v\u00edcen\u00e1sobnou hustotou P\u0159ilby LS2 maj\u00ed dynamick\u00e9 proud\u011bn\u00ed vzduchu. Pln\u011b nastaviteln\u00e9 otvory pro p\u0159\u00edvod vzduchu, odv\u011btran\u00fd EPS, spoiler helmy a v\u011btrac\u00ed otvory zaji\u0161\u0165uj\u00ed st\u00e1l\u00fd jemn\u00fd pr\u016fvan a pohodlnou j\u00edzdu p\u0159i p\u0159\u00edjemn\u00e9 teplot\u011b. Sm\u011brov\u00fd EPS V\u011btrn\u00fd deflektor P\u0159edn\u00ed a zadn\u00ed ventilace hlavy 1280 g (+ -50) norma ECE 22.05<\/p>\n<p>&nbsp;<\/p>\n<p>Pokyny k nalezen\u00ed spr\u00e1vn\u00e9 velikosti p\u0159ilby a tabulku velikost\u00ed najdete ve fotogalerii.<\/p>","protected":false},"excerpt":{"rendered":"<p>Nov\u00fd model FF353 Rapid p\u0159edstavuje z\u00e1kladn\u00ed kompromis mezi vysokou ochranou a jednoduch\u00fdm designem. Tato nov\u00e1 p\u0159ilba \u0159ady LS2 je vyrobena z HPTT, sm\u011bsi ABS, kter\u00e1 poskytuje...<\/p>","protected":false},"featured_media":890,"template":"","meta":[],"product_brand":[],"product_cat":[164,21,77,18],"product_tag":[2055,1515,2056,1513,1516,165,1344,166,1511,81,150,985,1514,2057],"class_list":{"0":"post-882","1":"product","2":"type-product","3":"status-publish","4":"has-post-thumbnail","6":"product_cat-ls2","7":"product_cat-prilby","8":"product_cat-rental-karting","9":"product_cat-vybava-pretekara","10":"product_tag-babska-prilba","11":"product_tag-damska-prilba","12":"product_tag-dievcenska-helma","13":"product_tag-dievcenska-prilba","14":"product_tag-fialova-prilba","15":"product_tag-helma","16":"product_tag-karting-shop","17":"product_tag-ls2","18":"product_tag-ls2-poppies","19":"product_tag-motokary","20":"product_tag-prilba","21":"product_tag-prilba-na-motokary","22":"product_tag-prilba-pre-dievcata","23":"product_tag-ruzova-prilba","25":"first","26":"instock","27":"sale","28":"taxable","29":"shipping-taxable","30":"purchasable","31":"product-type-variable","32":"customify-col","33":"product-has-gallery"},"aioseo_notices":[],"_links":{"self":[{"href":"https:\/\/motokary-karting.sk\/cz\/wp-json\/wp\/v2\/product\/882","targetHints":{"allow":["GET"]}}],"collection":[{"href":"https:\/\/motokary-karting.sk\/cz\/wp-json\/wp\/v2\/product"}],"about":[{"href":"https:\/\/motokary-karting.sk\/cz\/wp-json\/wp\/v2\/types\/product"}],"wp:featuredmedia":[{"embeddable":true,"href":"https:\/\/motokary-karting.sk\/cz\/wp-json\/wp\/v2\/media\/890"}],"wp:attachment":[{"href":"https:\/\/motokary-karting.sk\/cz\/wp-json\/wp\/v2\/media?parent=882"}],"wp:term":[{"taxonomy":"product_brand","embeddable":true,"href":"https:\/\/motokary-karting.sk\/cz\/wp-json\/wp\/v2\/product_brand?post=882"},{"taxonomy":"product_cat","embeddable":true,"href":"https:\/\/motokary-karting.sk\/cz\/wp-json\/wp\/v2\/product_cat?post=882"},{"taxonomy":"product_tag","embeddable":true,"href":"https:\/\/motokary-karting.sk\/cz\/wp-json\/wp\/v2\/product_tag?post=882"}],"curies":[{"name":"wp","href":"https:\/\/api.w.org\/{rel}","templated":true}]}}