{"id":9067,"date":"2021-03-16T21:09:39","date_gmt":"2021-03-16T21:09:39","guid":{"rendered":"https:\/\/motokary-karting.sk\/?post_type=product&#038;p=9067"},"modified":"2026-03-31T12:33:47","modified_gmt":"2026-03-31T12:33:47","slug":"mini-sroub-pro-zadni-napravu-cervik-pro-napravu-40mm-50mm-8-8mm","status":"publish","type":"product","link":"https:\/\/motokary-karting.sk\/cz\/produkt\/mini-skrutka-na-zadnu-os-cervik-pre-os-40mm-50mm-8-8mm\/","title":{"rendered":"Mini \u0161roub pro lo\u017eisko zadn\u00ed n\u00e1pravy (\u0161nek) | pro lo\u017eisko 40mm-50mm | M8x8mm"},"content":{"rendered":"","protected":false},"excerpt":{"rendered":"","protected":false},"featured_media":9068,"template":"","meta":[],"product_brand":[],"product_cat":[271,668,670,671,368],"product_tag":[2195,142,1344,2196,81],"class_list":{"0":"post-9067","1":"product","2":"type-product","3":"status-publish","4":"has-post-thumbnail","6":"product_cat-nahradne-diely-na-podvozky","7":"product_cat-o-30mm-zadne-osi-prislusenstvo","8":"product_cat-o-40mm-zadne-osi-prislusenstvo","9":"product_cat-o-50mm-zadne-osi-prislusenstvo","10":"product_cat-zadne-osi-prislusenstvo","11":"product_tag-cervik","12":"product_tag-karting","13":"product_tag-karting-shop","14":"product_tag-mini-skrutka-na-zadnu-os","15":"product_tag-motokary","17":"first","18":"instock","19":"taxable","20":"shipping-taxable","21":"purchasable","22":"product-type-simple","23":"customify-col"},"aioseo_notices":[],"_links":{"self":[{"href":"https:\/\/motokary-karting.sk\/cz\/wp-json\/wp\/v2\/product\/9067","targetHints":{"allow":["GET"]}}],"collection":[{"href":"https:\/\/motokary-karting.sk\/cz\/wp-json\/wp\/v2\/product"}],"about":[{"href":"https:\/\/motokary-karting.sk\/cz\/wp-json\/wp\/v2\/types\/product"}],"wp:featuredmedia":[{"embeddable":true,"href":"https:\/\/motokary-karting.sk\/cz\/wp-json\/wp\/v2\/media\/9068"}],"wp:attachment":[{"href":"https:\/\/motokary-karting.sk\/cz\/wp-json\/wp\/v2\/media?parent=9067"}],"wp:term":[{"taxonomy":"product_brand","embeddable":true,"href":"https:\/\/motokary-karting.sk\/cz\/wp-json\/wp\/v2\/product_brand?post=9067"},{"taxonomy":"product_cat","embeddable":true,"href":"https:\/\/motokary-karting.sk\/cz\/wp-json\/wp\/v2\/product_cat?post=9067"},{"taxonomy":"product_tag","embeddable":true,"href":"https:\/\/motokary-karting.sk\/cz\/wp-json\/wp\/v2\/product_tag?post=9067"}],"curies":[{"name":"wp","href":"https:\/\/api.w.org\/{rel}","templated":true}]}}