{"id":9098,"date":"2021-03-22T19:36:18","date_gmt":"2021-03-22T19:36:18","guid":{"rendered":"https:\/\/motokary-karting.sk\/?post_type=product&#038;p=9098"},"modified":"2024-05-01T18:07:45","modified_gmt":"2024-05-01T18:07:45","slug":"mechanix-siltovka-multicam","status":"publish","type":"product","link":"https:\/\/motokary-karting.sk\/cz\/produkt\/mechanix-siltovka-multicam\/","title":{"rendered":"\u010cepice Mechanix Multicam"},"content":{"rendered":"<p>Ikonick\u00e1 snapback k\u0161iltovka Mechanix Wear zaujme nastaviteln\u00fdm st\u0159ihem a sportovn\u00edm, jednoduch\u00fdm designem s logem Mechanix Wear ve stylu rukavic na p\u0159edn\u00ed stran\u011b.<\/p>\n<p>Nastaviteln\u00e9 zap\u00edn\u00e1n\u00ed na z\u00e1dech<br \/>\nJedna velikost<\/p>","protected":false},"excerpt":{"rendered":"<p>Ikonick\u00e1 snapback k\u0161iltovka Mechanix Wear zaujme nastaviteln\u00fdm st\u0159ihem a sportovn\u00edm, jednoduch\u00fdm designem s logem Mechanix Wear ve stylu rukavic na p\u0159edn\u00ed stran\u011b. Nastaviteln\u00e9 zap\u00edn\u00e1n\u00ed na patentku na zadn\u00ed stran\u011b...<\/p>","protected":false},"featured_media":9101,"template":"","meta":[],"product_brand":[],"product_cat":[32,942,158],"product_tag":[2077,1728,142,1344,2074,954,81,2075,1883,2079,240,2080,2078,2076],"class_list":{"0":"post-9098","1":"product","2":"type-product","3":"status-publish","4":"has-post-thumbnail","6":"product_cat-lifestyle-oblecenie-a-produkty-na-volny-cas","7":"product_cat-siltovky-a-ciapky","8":"product_cat-tip-na-darcek","9":"product_tag-ciapka-snap-back","10":"product_tag-kart-shop","11":"product_tag-karting","12":"product_tag-karting-shop","13":"product_tag-mechanix-wear","14":"product_tag-motokar","15":"product_tag-motokary","16":"product_tag-motoristicka-siltovka","17":"product_tag-predaj-motokar","18":"product_tag-sietkovana-siltovka","19":"product_tag-siltovka","20":"product_tag-siltovka-so-sietkou","21":"product_tag-siltovna-snap-back","22":"product_tag-snap-back","24":"first","25":"onbackorder","26":"taxable","27":"shipping-taxable","28":"purchasable","29":"product-type-simple","30":"customify-col"},"aioseo_notices":[],"_links":{"self":[{"href":"https:\/\/motokary-karting.sk\/cz\/wp-json\/wp\/v2\/product\/9098","targetHints":{"allow":["GET"]}}],"collection":[{"href":"https:\/\/motokary-karting.sk\/cz\/wp-json\/wp\/v2\/product"}],"about":[{"href":"https:\/\/motokary-karting.sk\/cz\/wp-json\/wp\/v2\/types\/product"}],"wp:featuredmedia":[{"embeddable":true,"href":"https:\/\/motokary-karting.sk\/cz\/wp-json\/wp\/v2\/media\/9101"}],"wp:attachment":[{"href":"https:\/\/motokary-karting.sk\/cz\/wp-json\/wp\/v2\/media?parent=9098"}],"wp:term":[{"taxonomy":"product_brand","embeddable":true,"href":"https:\/\/motokary-karting.sk\/cz\/wp-json\/wp\/v2\/product_brand?post=9098"},{"taxonomy":"product_cat","embeddable":true,"href":"https:\/\/motokary-karting.sk\/cz\/wp-json\/wp\/v2\/product_cat?post=9098"},{"taxonomy":"product_tag","embeddable":true,"href":"https:\/\/motokary-karting.sk\/cz\/wp-json\/wp\/v2\/product_tag?post=9098"}],"curies":[{"name":"wp","href":"https:\/\/api.w.org\/{rel}","templated":true}]}}