{"id":9108,"date":"2021-03-22T20:23:35","date_gmt":"2021-03-22T20:23:35","guid":{"rendered":"https:\/\/motokary-karting.sk\/?post_type=product&#038;p=9108"},"modified":"2024-10-19T12:58:10","modified_gmt":"2024-10-19T12:58:10","slug":"schroth-hans-system-super-sport-xlt-20","status":"publish","type":"product","link":"https:\/\/motokary-karting.sk\/cz\/produkt\/schroth-hans-system-super-sport-xlt-%c2%b7-20\/","title":{"rendered":"Schroth HANS System Super Sport XLT - 20\u00b0"},"content":{"rendered":"<p>Syst\u00e9m FHR v z\u00e1kladn\u00ed cenov\u00e9 t\u0159\u00edd\u011b ze zes\u00edlen\u00e9ho plastu. Standardn\u011b vybaven pohybliv\u00fdm syst\u00e9mem dr\u017een\u00ed pro v\u011bt\u0161\u00ed volnost pohybu Homologov\u00e1no podle FIA 8858-2010.<\/p>\n<p>Hmotnost (bez n\u00e1pln\u011b): 786 g (p\u0159i 20\u00b0 m\u00e9dia)<\/p>\n<p>&nbsp;<\/p>\n<p>Pozn\u00e1mka: Pro p\u0159ipevn\u011bn\u00ed syst\u00e9mu FFR k p\u0159ilb\u011b jsou nutn\u00e9 speci\u00e1ln\u00ed kotevn\u00ed spony SCHROTH SHR Twist. Ty jsou ji\u017e sou\u010d\u00e1st\u00ed dod\u00e1vky modelu SCHROTH RACING Super Sport XLT!<\/p>","protected":false},"excerpt":{"rendered":"<p>Syst\u00e9m FHR v z\u00e1kladn\u00ed cenov\u00e9 t\u0159\u00edd\u011b ze zes\u00edlen\u00e9ho plastu. Standardn\u011b vybaven pohybliv\u00fdm syst\u00e9mem dr\u017een\u00ed pro v\u011bt\u0161\u00ed volnost pohybu Homologov\u00e1no podle FIA 8858-2010. Hmotnost (bez polstrov\u00e1n\u00ed):...<\/p>","protected":false},"featured_media":9109,"template":"","meta":[],"product_brand":[],"product_cat":[2203,21,18],"product_tag":[2204,2208,2205,142,1344,81,2207,2209,2206],"class_list":{"0":"post-9108","1":"product","2":"type-product","3":"status-publish","4":"has-post-thumbnail","6":"product_cat-hans-systemy","7":"product_cat-prilby","8":"product_cat-vybava-pretekara","9":"product_tag-hans","10":"product_tag-hans-schroth","11":"product_tag-hans-system","12":"product_tag-karting","13":"product_tag-karting-shop","14":"product_tag-motokary","15":"product_tag-schroth","16":"product_tag-schroth-hans","17":"product_tag-system-hans","19":"first","20":"onbackorder","21":"taxable","22":"shipping-taxable","23":"purchasable","24":"product-type-variable","25":"customify-col"},"aioseo_notices":[],"_links":{"self":[{"href":"https:\/\/motokary-karting.sk\/cz\/wp-json\/wp\/v2\/product\/9108","targetHints":{"allow":["GET"]}}],"collection":[{"href":"https:\/\/motokary-karting.sk\/cz\/wp-json\/wp\/v2\/product"}],"about":[{"href":"https:\/\/motokary-karting.sk\/cz\/wp-json\/wp\/v2\/types\/product"}],"wp:featuredmedia":[{"embeddable":true,"href":"https:\/\/motokary-karting.sk\/cz\/wp-json\/wp\/v2\/media\/9109"}],"wp:attachment":[{"href":"https:\/\/motokary-karting.sk\/cz\/wp-json\/wp\/v2\/media?parent=9108"}],"wp:term":[{"taxonomy":"product_brand","embeddable":true,"href":"https:\/\/motokary-karting.sk\/cz\/wp-json\/wp\/v2\/product_brand?post=9108"},{"taxonomy":"product_cat","embeddable":true,"href":"https:\/\/motokary-karting.sk\/cz\/wp-json\/wp\/v2\/product_cat?post=9108"},{"taxonomy":"product_tag","embeddable":true,"href":"https:\/\/motokary-karting.sk\/cz\/wp-json\/wp\/v2\/product_tag?post=9108"}],"curies":[{"name":"wp","href":"https:\/\/api.w.org\/{rel}","templated":true}]}}