{"id":9112,"date":"2021-03-22T20:23:52","date_gmt":"2021-03-22T20:23:52","guid":{"rendered":"https:\/\/motokary-karting.sk\/?post_type=product&#038;p=9112"},"modified":"2024-03-08T08:38:24","modified_gmt":"2024-03-08T08:38:24","slug":"schroth-hans-system-xlt-20-30","status":"publish","type":"product","link":"https:\/\/motokary-karting.sk\/cz\/produkt\/schroth-hans-system-xlt-%c2%b7-20-30\/","title":{"rendered":"Schroth HANS System XLT - 20\u00b0\/30\u00b0"},"content":{"rendered":"<p>Nejnov\u011bj\u0161\u00ed generac\u00ed syst\u00e9m\u016f Schroth Protec FHR je XLT 20\u00b0\/30\u00b0 z vysoce kvalitn\u00edch uhl\u00edkov\u00fdch vl\u00e1ken. D\u00edky c\u00edlen\u00e9 optimalizaci tvaru a nejnov\u011bj\u0161\u00ed uhl\u00edkov\u00e9 technologii se spole\u010dnosti Schroth poda\u0159ilo sn\u00ed\u017eit hmotnost tohoto syst\u00e9mu a\u017e o 25% oproti verzi Pro. Obzvl\u00e1\u0161t\u011b vysok\u00fd komfort no\u0161en\u00ed - bez sn\u00ed\u017een\u00ed ochrany. Standardn\u011b vybaven pohybliv\u00fdm syst\u00e9mem dr\u017een\u00ed pro v\u011bt\u0161\u00ed volnost pohybu.<\/p>\n<p>Hmotnost (bez n\u00e1pln\u011b): 554 g (p\u0159i 20\u00b0 m\u00e9dia)<\/p>\n<p>V\u00fdb\u011br velikost\u00ed naleznete na l\u00edmci ko\u0161ile:<br \/>\nSt\u0159edn\u00ed velikost: velikost l\u00edmce mezi 38 a 46 cm<br \/>\nVelk\u00e1 velikost: velikost l\u00edmce v\u011bt\u0161\u00ed ne\u017e 46 cm<\/p>\n<p>Pozn\u00e1mka: K p\u0159ipevn\u011bn\u00ed syst\u00e9mu FFR k p\u0159ilb\u011b jsou nutn\u00e9 speci\u00e1ln\u00ed kotevn\u00ed spony SCHROTH SHR Twist (obj. \u010d. 4909). Ty jsou ji\u017e sou\u010d\u00e1st\u00ed dod\u00e1vky modelu SCHROTH RACING XLT!<\/p>","protected":false},"excerpt":{"rendered":"<p>Nejnov\u011bj\u0161\u00ed generac\u00ed syst\u00e9m\u016f Schroth Protec FHR je XLT 20\u00b0\/30\u00b0 z vysoce kvalitn\u00edch uhl\u00edkov\u00fdch vl\u00e1ken. D\u00edky c\u00edlen\u00e9 optimalizaci tvaru a nejnov\u011bj\u0161\u00edm technologi\u00edm je...<\/p>","protected":false},"featured_media":9115,"template":"","meta":[],"product_brand":[],"product_cat":[2203,21,18],"product_tag":[2204,2208,2205,142,1344,81,2207,2209,2206],"class_list":{"0":"post-9112","1":"product","2":"type-product","3":"status-publish","4":"has-post-thumbnail","6":"product_cat-hans-systemy","7":"product_cat-prilby","8":"product_cat-vybava-pretekara","9":"product_tag-hans","10":"product_tag-hans-schroth","11":"product_tag-hans-system","12":"product_tag-karting","13":"product_tag-karting-shop","14":"product_tag-motokary","15":"product_tag-schroth","16":"product_tag-schroth-hans","17":"product_tag-system-hans","19":"first","20":"onbackorder","21":"taxable","22":"shipping-taxable","23":"purchasable","24":"product-type-variable","25":"customify-col","26":"product-has-gallery"},"aioseo_notices":[],"_links":{"self":[{"href":"https:\/\/motokary-karting.sk\/cz\/wp-json\/wp\/v2\/product\/9112","targetHints":{"allow":["GET"]}}],"collection":[{"href":"https:\/\/motokary-karting.sk\/cz\/wp-json\/wp\/v2\/product"}],"about":[{"href":"https:\/\/motokary-karting.sk\/cz\/wp-json\/wp\/v2\/types\/product"}],"wp:featuredmedia":[{"embeddable":true,"href":"https:\/\/motokary-karting.sk\/cz\/wp-json\/wp\/v2\/media\/9115"}],"wp:attachment":[{"href":"https:\/\/motokary-karting.sk\/cz\/wp-json\/wp\/v2\/media?parent=9112"}],"wp:term":[{"taxonomy":"product_brand","embeddable":true,"href":"https:\/\/motokary-karting.sk\/cz\/wp-json\/wp\/v2\/product_brand?post=9112"},{"taxonomy":"product_cat","embeddable":true,"href":"https:\/\/motokary-karting.sk\/cz\/wp-json\/wp\/v2\/product_cat?post=9112"},{"taxonomy":"product_tag","embeddable":true,"href":"https:\/\/motokary-karting.sk\/cz\/wp-json\/wp\/v2\/product_tag?post=9112"}],"curies":[{"name":"wp","href":"https:\/\/api.w.org\/{rel}","templated":true}]}}