{"id":9191,"date":"2021-03-25T10:40:06","date_gmt":"2021-03-25T10:40:06","guid":{"rendered":"https:\/\/motokary-karting.sk\/?post_type=product&#038;p=9191"},"modified":"2026-01-29T15:22:25","modified_gmt":"2026-01-29T15:22:25","slug":"gumovy-pasek-na-prednim-panelu","status":"publish","type":"product","link":"https:\/\/motokary-karting.sk\/cz\/produkt\/gumicka-na-predny-panel\/","title":{"rendered":"Gumov\u00e1 p\u00e1ska na p\u0159edn\u00edm panelu"},"content":{"rendered":"","protected":false},"excerpt":{"rendered":"","protected":false},"featured_media":9192,"template":"","meta":[],"product_brand":[],"product_cat":[271,184],"product_tag":[2217,1984,142,1344,34,81,2215,1698,1985,2216,1986],"class_list":{"0":"post-9191","1":"product","2":"type-product","3":"status-publish","4":"has-post-thumbnail","6":"product_cat-nahradne-diely-na-podvozky","7":"product_cat-spojlery-prislusenstvo","8":"product_tag-gumicka-na-predny-panel","9":"product_tag-kart-sop","10":"product_tag-karting","11":"product_tag-karting-shop","12":"product_tag-motokara","13":"product_tag-motokary","14":"product_tag-poistka-na-predny-panel","15":"product_tag-predajna-motokar","16":"product_tag-preteky-motokar","17":"product_tag-zavlacka-na-predny-panel","18":"product_tag-zavody-motokar","20":"first","21":"instock","22":"taxable","23":"shipping-taxable","24":"purchasable","25":"product-type-simple","26":"customify-col"},"aioseo_notices":[],"_links":{"self":[{"href":"https:\/\/motokary-karting.sk\/cz\/wp-json\/wp\/v2\/product\/9191","targetHints":{"allow":["GET"]}}],"collection":[{"href":"https:\/\/motokary-karting.sk\/cz\/wp-json\/wp\/v2\/product"}],"about":[{"href":"https:\/\/motokary-karting.sk\/cz\/wp-json\/wp\/v2\/types\/product"}],"wp:featuredmedia":[{"embeddable":true,"href":"https:\/\/motokary-karting.sk\/cz\/wp-json\/wp\/v2\/media\/9192"}],"wp:attachment":[{"href":"https:\/\/motokary-karting.sk\/cz\/wp-json\/wp\/v2\/media?parent=9191"}],"wp:term":[{"taxonomy":"product_brand","embeddable":true,"href":"https:\/\/motokary-karting.sk\/cz\/wp-json\/wp\/v2\/product_brand?post=9191"},{"taxonomy":"product_cat","embeddable":true,"href":"https:\/\/motokary-karting.sk\/cz\/wp-json\/wp\/v2\/product_cat?post=9191"},{"taxonomy":"product_tag","embeddable":true,"href":"https:\/\/motokary-karting.sk\/cz\/wp-json\/wp\/v2\/product_tag?post=9191"}],"curies":[{"name":"wp","href":"https:\/\/api.w.org\/{rel}","templated":true}]}}