{"id":9218,"date":"2021-03-26T20:48:35","date_gmt":"2021-03-26T20:48:35","guid":{"rendered":"https:\/\/motokary-karting.sk\/?post_type=product&#038;p=9218"},"modified":"2026-02-11T10:21:26","modified_gmt":"2026-02-11T10:21:26","slug":"prilba-bell-gt5-sport-2","status":"publish","type":"product","link":"https:\/\/motokary-karting.sk\/cz\/produkt\/bell-prilba-gt5-sport\/","title":{"rendered":"P\u0159ilba Bell GT5 Sport"},"content":{"rendered":"<p>Tato sklolamin\u00e1tov\u00e1 p\u0159ilba vyroben\u00e1 podle nejnov\u011bj\u0161\u00ed technologie sko\u0159epiny p\u0159ilby je d\u00edky v\u00fdrazn\u00e9mu odv\u011btr\u00e1v\u00e1n\u00ed a v\u011bt\u0161\u00edmu zorn\u00e9mu poli vhodn\u00e1 zejm\u00e9na pro \u0159idi\u010de uzav\u0159en\u00fdch vozidel. Pohodln\u011b m\u011bkk\u00e1 vnit\u0159n\u00ed v\u00fdstelka s p\u0159izp\u016fsoben\u00fdm tvarem sedla. P\u0159estavba ze \u0161t\u00edtu na de\u0161tn\u00edk je bez probl\u00e9m\u016f mo\u017en\u00e1.<\/p>\n<p>Barva b\u00edl\u00e1<\/p>\n<p>\u010c\u00edslo schv\u00e1len\u00ed ve fotogalerii<\/p>","protected":false},"excerpt":{"rendered":"<p>Tato sklolamin\u00e1tov\u00e1 p\u0159ilba vyroben\u00e1 podle nejnov\u011bj\u0161\u00ed technologie sko\u0159epiny p\u0159ilby je d\u00edky v\u00fdrazn\u00e9mu odv\u011btr\u00e1v\u00e1n\u00ed a v\u011bt\u0161\u00edmu zorn\u00e9mu poli vhodn\u00e1 zejm\u00e9na pro \u0159idi\u010de uzav\u0159en\u00fdch vozidel.....<\/p>","protected":false},"featured_media":9223,"template":"","meta":[],"product_brand":[],"product_cat":[962,21,18],"product_tag":[963,2220,964,965,2219,1728,142,1344,2019,2018,984,81,2221,985,1675],"class_list":{"0":"post-9218","1":"product","2":"type-product","3":"status-publish","4":"has-post-thumbnail","6":"product_cat-bell","7":"product_cat-prilby","8":"product_cat-vybava-pretekara","9":"product_tag-bell","10":"product_tag-bell-gt5-sport","11":"product_tag-bell-helmets","12":"product_tag-bell-prilba","13":"product_tag-bell-prilba-gt5-sport","14":"product_tag-kart-shop","15":"product_tag-karting","16":"product_tag-karting-shop","17":"product_tag-kartingova-helma","18":"product_tag-kartingovs-prilba","19":"product_tag-motokarova-prilba","20":"product_tag-motokary","21":"product_tag-prilba-bell-gt5-sport","22":"product_tag-prilba-na-motokary","23":"product_tag-prilby-bell","25":"first","26":"onbackorder","27":"taxable","28":"shipping-taxable","29":"purchasable","30":"product-type-variable","31":"customify-col","32":"product-has-gallery"},"aioseo_notices":[],"_links":{"self":[{"href":"https:\/\/motokary-karting.sk\/cz\/wp-json\/wp\/v2\/product\/9218","targetHints":{"allow":["GET"]}}],"collection":[{"href":"https:\/\/motokary-karting.sk\/cz\/wp-json\/wp\/v2\/product"}],"about":[{"href":"https:\/\/motokary-karting.sk\/cz\/wp-json\/wp\/v2\/types\/product"}],"wp:featuredmedia":[{"embeddable":true,"href":"https:\/\/motokary-karting.sk\/cz\/wp-json\/wp\/v2\/media\/9223"}],"wp:attachment":[{"href":"https:\/\/motokary-karting.sk\/cz\/wp-json\/wp\/v2\/media?parent=9218"}],"wp:term":[{"taxonomy":"product_brand","embeddable":true,"href":"https:\/\/motokary-karting.sk\/cz\/wp-json\/wp\/v2\/product_brand?post=9218"},{"taxonomy":"product_cat","embeddable":true,"href":"https:\/\/motokary-karting.sk\/cz\/wp-json\/wp\/v2\/product_cat?post=9218"},{"taxonomy":"product_tag","embeddable":true,"href":"https:\/\/motokary-karting.sk\/cz\/wp-json\/wp\/v2\/product_tag?post=9218"}],"curies":[{"name":"wp","href":"https:\/\/api.w.org\/{rel}","templated":true}]}}