{"id":9248,"date":"2021-03-26T21:49:19","date_gmt":"2021-03-26T21:49:19","guid":{"rendered":"https:\/\/motokary-karting.sk\/?post_type=product&#038;p=9248"},"modified":"2024-03-08T08:37:19","modified_gmt":"2024-03-08T08:37:19","slug":"stand21-fhr-system-club-20","status":"publish","type":"product","link":"https:\/\/motokary-karting.sk\/cz\/produkt\/stand21-fhr-system-club-%c2%b7-20\/","title":{"rendered":"Stand21 FHR System Club - 20\u00b0"},"content":{"rendered":"<p>Levn\u00fd z\u00e1kladn\u00ed model FHR System Club 20\u00b0 z vyztu\u017een\u00e9ho plastu s vo\u0161tinovou technologi\u00ed. Extra \u0161irok\u00e9 kontaktn\u00ed plochy zaji\u0161\u0165uj\u00ed v\u011bt\u0161\u00ed pohodl\u00ed a snadn\u011bj\u0161\u00ed manipulaci. Standardn\u011b vybaven pohybliv\u00fdm p\u0159idr\u017eovac\u00edm syst\u00e9mem pro v\u011bt\u0161\u00ed volnost pohybu.<\/p>\n<p>Hmotnost (bez n\u00e1pln\u011b): 900 g (p\u0159i 20\u00b0 m\u00e9dia)<\/p>\n<p>P\u0159i v\u00fdb\u011bru velikosti se \u0159i\u010fte velikost\u00ed l\u00edmce:<br \/>\nSt\u0159edn\u00ed velikost: velikost l\u00edmce mezi 38 a 45,5 cm<br \/>\nVelk\u00e1 velikost: velikost l\u00edmce v\u011bt\u0161\u00ed ne\u017e 45,5 cm<\/p>\n<p>Homologace k fotogalerii<\/p>","protected":false},"excerpt":{"rendered":"<p>Levn\u00fd z\u00e1kladn\u00ed model FHR System Club 20\u00b0 z vyztu\u017een\u00e9ho plastu s vo\u0161tinovou technologi\u00ed. Extra \u0161irok\u00e9 kontaktn\u00ed plochy zaji\u0161\u0165uj\u00ed v\u011bt\u0161\u00ed pohodl\u00ed a snadn\u011bj\u0161\u00ed manipulaci....<\/p>","protected":false},"featured_media":9251,"template":"","meta":[],"product_brand":[],"product_cat":[2203,21,18],"product_tag":[2204,2226,2205,142,1344,81,2228,2227,2206],"class_list":{"0":"post-9248","1":"product","2":"type-product","3":"status-publish","4":"has-post-thumbnail","6":"product_cat-hans-systemy","7":"product_cat-prilby","8":"product_cat-vybava-pretekara","9":"product_tag-hans","10":"product_tag-hans-stand21","11":"product_tag-hans-system","12":"product_tag-karting","13":"product_tag-karting-shop","14":"product_tag-motokary","15":"product_tag-stand21","16":"product_tag-stand21-hans","17":"product_tag-system-hans","19":"first","20":"onbackorder","21":"taxable","22":"shipping-taxable","23":"purchasable","24":"product-type-variable","25":"customify-col","26":"product-has-gallery"},"aioseo_notices":[],"_links":{"self":[{"href":"https:\/\/motokary-karting.sk\/cz\/wp-json\/wp\/v2\/product\/9248","targetHints":{"allow":["GET"]}}],"collection":[{"href":"https:\/\/motokary-karting.sk\/cz\/wp-json\/wp\/v2\/product"}],"about":[{"href":"https:\/\/motokary-karting.sk\/cz\/wp-json\/wp\/v2\/types\/product"}],"wp:featuredmedia":[{"embeddable":true,"href":"https:\/\/motokary-karting.sk\/cz\/wp-json\/wp\/v2\/media\/9251"}],"wp:attachment":[{"href":"https:\/\/motokary-karting.sk\/cz\/wp-json\/wp\/v2\/media?parent=9248"}],"wp:term":[{"taxonomy":"product_brand","embeddable":true,"href":"https:\/\/motokary-karting.sk\/cz\/wp-json\/wp\/v2\/product_brand?post=9248"},{"taxonomy":"product_cat","embeddable":true,"href":"https:\/\/motokary-karting.sk\/cz\/wp-json\/wp\/v2\/product_cat?post=9248"},{"taxonomy":"product_tag","embeddable":true,"href":"https:\/\/motokary-karting.sk\/cz\/wp-json\/wp\/v2\/product_tag?post=9248"}],"curies":[{"name":"wp","href":"https:\/\/api.w.org\/{rel}","templated":true}]}}