{"id":9253,"date":"2021-03-26T22:00:08","date_gmt":"2021-03-26T22:00:08","guid":{"rendered":"https:\/\/motokary-karting.sk\/?post_type=product&#038;p=9253"},"modified":"2021-03-26T22:13:17","modified_gmt":"2021-03-26T22:13:17","slug":"vykonnost-systemu-hans-hans-3-20","status":"publish","type":"product","link":"https:\/\/motokary-karting.sk\/cz\/produkt\/hans-system-performance-hans-3-%c2%b7-20\/","title":{"rendered":"V\u00fdkon syst\u00e9mu HANS HANS 3 - 20\u00b0"},"content":{"rendered":"<p>Syst\u00e9m HANS Performance Sport III byl vyvinut s c\u00edlem vytvo\u0159it lehk\u00fd syst\u00e9m FHR, kter\u00fd pat\u0159\u00ed do ni\u017e\u0161\u00ed cenov\u00e9 kategorie. Jako z\u00e1klad poslou\u017eil osv\u011bd\u010den\u00fd model Sport II, pokud jde o tvar a konstrukci. Zcela p\u0159epracovan\u00e1 a optimalizovan\u00e1 materi\u00e1lov\u00e1 struktura syst\u00e9mu vedla k ni\u017e\u0161\u00ed hmotnosti a st\u00e1le vysok\u00e9 tuhosti.<\/p>\n<p>K dispozici je standardn\u00ed verze pro klipy HANS, kter\u00e9 jsou obvykle ji\u017e na helm\u011b namontov\u00e1ny, a rychloup\u00ednac\u00ed verze. Rychloup\u00ednac\u00ed klipy je t\u0159eba pro p\u0159ilbu objednat zvl\u00e1\u0161\u0165.<\/p>\n<p>Hmotnost (pln\u011b vybaven\u00fd): 694 g (p\u0159i 20\u00b0 m\u00e9dia)<\/p>\n<p>Standardn\u011b je vybaven pohybliv\u00fdm upev\u0148ovac\u00edm syst\u00e9mem pro v\u011bt\u0161\u00ed volnost pohybu (posuvn\u00e1 lana).<\/p>\n<p>P\u0159i v\u00fdb\u011bru velikosti se \u0159i\u010fte velikost\u00ed l\u00edmce:<br \/>\nSt\u0159edn\u00ed velikost: velikost l\u00edmce mezi 38 a 45,5 cm<br \/>\nVelk\u00e1 velikost: velikost l\u00edmce v\u011bt\u0161\u00ed ne\u017e 45,5 cm<\/p>","protected":false},"excerpt":{"rendered":"<p>Syst\u00e9m HANS Performance Sport III byl vyvinut s c\u00edlem vytvo\u0159it lehk\u00fd syst\u00e9m FHR, kter\u00fd pat\u0159\u00ed do ni\u017e\u0161\u00ed cenov\u00e9 kategorie. Z\u00e1kladem pro jeho vytvo\u0159en\u00ed byl...<\/p>","protected":false},"featured_media":9258,"template":"","meta":[],"product_brand":[],"product_cat":[2203,21,18],"product_tag":[2204,2205,142,1344,81,2227,2206],"class_list":{"0":"post-9253","1":"product","2":"type-product","3":"status-publish","4":"has-post-thumbnail","6":"product_cat-hans-systemy","7":"product_cat-prilby","8":"product_cat-vybava-pretekara","9":"product_tag-hans","10":"product_tag-hans-system","11":"product_tag-karting","12":"product_tag-karting-shop","13":"product_tag-motokary","14":"product_tag-stand21-hans","15":"product_tag-system-hans","17":"first","18":"onbackorder","19":"taxable","20":"shipping-taxable","21":"purchasable","22":"product-type-variable","23":"customify-col","24":"product-has-gallery"},"aioseo_notices":[],"_links":{"self":[{"href":"https:\/\/motokary-karting.sk\/cz\/wp-json\/wp\/v2\/product\/9253","targetHints":{"allow":["GET"]}}],"collection":[{"href":"https:\/\/motokary-karting.sk\/cz\/wp-json\/wp\/v2\/product"}],"about":[{"href":"https:\/\/motokary-karting.sk\/cz\/wp-json\/wp\/v2\/types\/product"}],"wp:featuredmedia":[{"embeddable":true,"href":"https:\/\/motokary-karting.sk\/cz\/wp-json\/wp\/v2\/media\/9258"}],"wp:attachment":[{"href":"https:\/\/motokary-karting.sk\/cz\/wp-json\/wp\/v2\/media?parent=9253"}],"wp:term":[{"taxonomy":"product_brand","embeddable":true,"href":"https:\/\/motokary-karting.sk\/cz\/wp-json\/wp\/v2\/product_brand?post=9253"},{"taxonomy":"product_cat","embeddable":true,"href":"https:\/\/motokary-karting.sk\/cz\/wp-json\/wp\/v2\/product_cat?post=9253"},{"taxonomy":"product_tag","embeddable":true,"href":"https:\/\/motokary-karting.sk\/cz\/wp-json\/wp\/v2\/product_tag?post=9253"}],"curies":[{"name":"wp","href":"https:\/\/api.w.org\/{rel}","templated":true}]}}