{"id":9330,"date":"2021-04-08T11:11:58","date_gmt":"2021-04-08T11:11:58","guid":{"rendered":"https:\/\/motokary-karting.sk\/?post_type=product&#038;p=9330"},"modified":"2026-04-16T17:51:53","modified_gmt":"2026-04-16T17:51:53","slug":"hlinikova-retezova-kola-50mm-ergal-kz125","status":"publish","type":"product","link":"https:\/\/motokary-karting.sk\/cz\/produkt\/ozubene-kolecko-rozeta-50mm-hlinik-ergal-kz125\/","title":{"rendered":"Hlin\u00edkov\u00e1 \u0159et\u011bzov\u00e1 kola 50 mm - ergal (KZ 125)"},"content":{"rendered":"","protected":false},"excerpt":{"rendered":"","protected":false},"featured_media":9345,"template":"","meta":[],"product_brand":[],"product_cat":[271,341],"product_tag":[2236,2238,1344,34,343,344,342,2064,2063,589,2066,2067,2237],"class_list":{"0":"post-9330","1":"product","2":"type-product","3":"status-publish","4":"has-post-thumbnail","6":"product_cat-nahradne-diely-na-podvozky","7":"product_cat-retaze-rozety-kryty-na-retaz","8":"product_tag-hlinikova-rozeta","9":"product_tag-hlinikove-ozubene-kolecko-428","10":"product_tag-karting-shop","11":"product_tag-motokara","12":"product_tag-ozubene-kolecko","13":"product_tag-ozubene-koliesko","14":"product_tag-rozeta","15":"product_tag-rozeta-125cc","16":"product_tag-rozeta-428","17":"product_tag-sprocket","18":"product_tag-zadna-rozeta-honda","19":"product_tag-zadne-ozubene-kolecko","20":"product_tag-zadne-ozubene-kolecko-kz-125","22":"first","23":"instock","24":"taxable","25":"shipping-taxable","26":"purchasable","27":"product-type-variable","28":"customify-col"},"aioseo_notices":[],"_links":{"self":[{"href":"https:\/\/motokary-karting.sk\/cz\/wp-json\/wp\/v2\/product\/9330","targetHints":{"allow":["GET"]}}],"collection":[{"href":"https:\/\/motokary-karting.sk\/cz\/wp-json\/wp\/v2\/product"}],"about":[{"href":"https:\/\/motokary-karting.sk\/cz\/wp-json\/wp\/v2\/types\/product"}],"wp:featuredmedia":[{"embeddable":true,"href":"https:\/\/motokary-karting.sk\/cz\/wp-json\/wp\/v2\/media\/9345"}],"wp:attachment":[{"href":"https:\/\/motokary-karting.sk\/cz\/wp-json\/wp\/v2\/media?parent=9330"}],"wp:term":[{"taxonomy":"product_brand","embeddable":true,"href":"https:\/\/motokary-karting.sk\/cz\/wp-json\/wp\/v2\/product_brand?post=9330"},{"taxonomy":"product_cat","embeddable":true,"href":"https:\/\/motokary-karting.sk\/cz\/wp-json\/wp\/v2\/product_cat?post=9330"},{"taxonomy":"product_tag","embeddable":true,"href":"https:\/\/motokary-karting.sk\/cz\/wp-json\/wp\/v2\/product_tag?post=9330"}],"curies":[{"name":"wp","href":"https:\/\/api.w.org\/{rel}","templated":true}]}}