{"id":9355,"date":"2021-04-09T12:38:17","date_gmt":"2021-04-09T12:38:17","guid":{"rendered":"https:\/\/motokary-karting.sk\/?post_type=product&#038;p=9355"},"modified":"2025-05-30T05:18:36","modified_gmt":"2025-05-30T05:18:36","slug":"ochrana-brzdoveho-kotouce-retezoveho-kola","status":"publish","type":"product","link":"https:\/\/motokary-karting.sk\/cz\/produkt\/ochrana-brzdoveho-disku-rozety\/","title":{"rendered":"Ochrana brzdov\u00fdch kotou\u010d\u016f\/kole\u010dek"},"content":{"rendered":"","protected":false},"excerpt":{"rendered":"","protected":false},"featured_media":9356,"template":"","meta":[],"product_brand":[],"product_cat":[1548,302,271,1550],"product_tag":[142,1344,81,2240,2239,1473,1474],"class_list":{"0":"post-9355","1":"product","2":"type-product","3":"status-publish","4":"has-post-thumbnail","6":"product_cat-brzdove-kotuce","7":"product_cat-brzdy-prislusenstvo","8":"product_cat-nahradne-diely-na-podvozky","9":"product_cat-ostatne-brzdy-prislusenstvo","10":"product_tag-karting","11":"product_tag-karting-shop","12":"product_tag-motokary","13":"product_tag-ochrana-brzdoveho-kotuca","14":"product_tag-ochrana-brzdovyho-kotouce","15":"product_tag-ochrana-disku","16":"product_tag-ochrana-rozety","18":"first","19":"instock","20":"taxable","21":"shipping-taxable","22":"purchasable","23":"product-type-simple","24":"customify-col"},"aioseo_notices":[],"_links":{"self":[{"href":"https:\/\/motokary-karting.sk\/cz\/wp-json\/wp\/v2\/product\/9355","targetHints":{"allow":["GET"]}}],"collection":[{"href":"https:\/\/motokary-karting.sk\/cz\/wp-json\/wp\/v2\/product"}],"about":[{"href":"https:\/\/motokary-karting.sk\/cz\/wp-json\/wp\/v2\/types\/product"}],"wp:featuredmedia":[{"embeddable":true,"href":"https:\/\/motokary-karting.sk\/cz\/wp-json\/wp\/v2\/media\/9356"}],"wp:attachment":[{"href":"https:\/\/motokary-karting.sk\/cz\/wp-json\/wp\/v2\/media?parent=9355"}],"wp:term":[{"taxonomy":"product_brand","embeddable":true,"href":"https:\/\/motokary-karting.sk\/cz\/wp-json\/wp\/v2\/product_brand?post=9355"},{"taxonomy":"product_cat","embeddable":true,"href":"https:\/\/motokary-karting.sk\/cz\/wp-json\/wp\/v2\/product_cat?post=9355"},{"taxonomy":"product_tag","embeddable":true,"href":"https:\/\/motokary-karting.sk\/cz\/wp-json\/wp\/v2\/product_tag?post=9355"}],"curies":[{"name":"wp","href":"https:\/\/api.w.org\/{rel}","templated":true}]}}