{"id":9385,"date":"2024-04-11T13:02:59","date_gmt":"2024-04-11T13:02:59","guid":{"rendered":"https:\/\/motokary-karting.sk\/?post_type=product&#038;p=9385"},"modified":"2026-04-21T15:08:05","modified_gmt":"2026-04-21T15:08:05","slug":"omp-chranic-zeber-pc-1-pro","status":"publish","type":"product","link":"https:\/\/motokary-karting.sk\/cz\/produkt\/omp-rebrovy-chranic-ks-1-pro\/","title":{"rendered":"OMP KS-1 Pro - chr\u00e1ni\u010d \u017eeber"},"content":{"rendered":"<p>Profesion\u00e1ln\u00ed ochrann\u00e1 vesta vyvinut\u00e1 a homologovan\u00e1 podle nejnov\u011bj\u0161\u00edho bezpe\u010dnostn\u00edho standardu FIA 8870-2018 - povinn\u00e1 pro v\u0161echny t\u0159\u00eddy Mini, OK-Junior, World Formula (t\u0159\u00edda Junior), VT-Junior a dal\u0161\u00ed t\u0159\u00eddy Junior-Kart (nap\u0159. X30-Junior, Rotax Max Junior) a v\u0161echny jezdce ve v\u011bkov\u00e9 skupin\u011b 8-13 let (PRE-JUNIORS, viz tak\u00e9 \u010dl\u00e1nek E.2.6 DMSB). Vynikaj\u00edc\u00ed ochrana hrudn\u00edku, zad a \u017eeber d\u00edky inovativn\u00edm, ergonomicky tvarovan\u00fdm panel\u016fm polstrovan\u00fdm PU p\u011bnou, kter\u00e9 kop\u00edruj\u00ed tvar t\u011bla.<\/p>\n<p>Velikosti:<br \/>\nS (spodn\u00ed obvod hrudn\u00edku cca 63-71 cm \/ v\u00fd\u0161ka cca 116-152 cm)<br \/>\nM (spodn\u00ed obvod hrudn\u00edku cca 69,5-80 cm \/ v\u00fd\u0161ka cca 152-170 cm)<br \/>\nM \/ L (spodn\u00ed obvod hrudn\u00edku cca 79,5-90 cm \/ v\u00fd\u0161ka cca 152-170 cm)<br \/>\nL (spodn\u00ed obvod hrudn\u00edku cca 77-90 cm \/ v\u00fd\u0161ka cca 170-188 cm)<br \/>\nL \/ XL (spodn\u00ed obvod hrudn\u00edku cca 78-100 cm \/ v\u00fd\u0161ka cca 170-188 cm)<br \/>\nXL (spodn\u00ed obvod hrudn\u00edku cca 90-105 cm \/ v\u00fd\u0161ka cca 188 cm)<br \/>\nXL \/ XXL (spodn\u00ed obvod hrudn\u00edku cca 105 - 120 cm \/ v\u00fd\u0161ka cca 188 cm)<\/p>","protected":false},"excerpt":{"rendered":"<p>Profesion\u00e1ln\u00ed ochrann\u00e1 vesta vyvinut\u00e1 a homologovan\u00e1 podle nejnov\u011bj\u0161\u00ed bezpe\u010dnostn\u00ed normy FIA 8870-2018 - povinn\u00e1 pro v\u0161echny jezdce t\u0159\u00edd Mini, OK-Junior, World Formula (t\u0159\u00edda Junior), VT-Class Junior...<\/p>","protected":false},"featured_media":9391,"template":"","meta":[],"product_brand":[],"product_cat":[88,18],"product_tag":[721,142,1344,81,720,2255,1030,1203],"class_list":{"0":"post-9385","1":"product","2":"type-product","3":"status-publish","4":"has-post-thumbnail","6":"product_cat-ochrana-rebier","7":"product_cat-vybava-pretekara","8":"product_tag-chranic-rebier","9":"product_tag-karting","10":"product_tag-karting-shop","11":"product_tag-motokary","12":"product_tag-ochrana-rebier","13":"product_tag-omp-ks-1-pro","14":"product_tag-rebrovy-chranic","15":"product_tag-rebrovy-chranic-na-motokary","17":"first","18":"instock","19":"sale","20":"taxable","21":"shipping-taxable","22":"purchasable","23":"product-type-variable","24":"customify-col","25":"product-has-gallery"},"aioseo_notices":[],"_links":{"self":[{"href":"https:\/\/motokary-karting.sk\/cz\/wp-json\/wp\/v2\/product\/9385","targetHints":{"allow":["GET"]}}],"collection":[{"href":"https:\/\/motokary-karting.sk\/cz\/wp-json\/wp\/v2\/product"}],"about":[{"href":"https:\/\/motokary-karting.sk\/cz\/wp-json\/wp\/v2\/types\/product"}],"wp:featuredmedia":[{"embeddable":true,"href":"https:\/\/motokary-karting.sk\/cz\/wp-json\/wp\/v2\/media\/9391"}],"wp:attachment":[{"href":"https:\/\/motokary-karting.sk\/cz\/wp-json\/wp\/v2\/media?parent=9385"}],"wp:term":[{"taxonomy":"product_brand","embeddable":true,"href":"https:\/\/motokary-karting.sk\/cz\/wp-json\/wp\/v2\/product_brand?post=9385"},{"taxonomy":"product_cat","embeddable":true,"href":"https:\/\/motokary-karting.sk\/cz\/wp-json\/wp\/v2\/product_cat?post=9385"},{"taxonomy":"product_tag","embeddable":true,"href":"https:\/\/motokary-karting.sk\/cz\/wp-json\/wp\/v2\/product_tag?post=9385"}],"curies":[{"name":"wp","href":"https:\/\/api.w.org\/{rel}","templated":true}]}}