{"id":9446,"date":"2021-04-13T20:51:56","date_gmt":"2021-04-13T20:51:56","guid":{"rendered":"https:\/\/motokary-karting.sk\/?post_type=product&#038;p=9446"},"modified":"2025-03-31T19:04:10","modified_gmt":"2025-03-31T19:04:10","slug":"predni-retezove-kolo-tm-racing-centred","status":"publish","type":"product","link":"https:\/\/motokary-karting.sk\/cz\/produkt\/predne-ozubene-kolecko-tm-racing-centrovane\/","title":{"rendered":"P\u0159edn\u00ed ozuben\u00e9 kolo TM Racing CENTRAL"},"content":{"rendered":"<p>Pastorek pro verzi TM vyst\u0159ed\u011bn\u00fd.<\/p>\n<p>Je kompatibiln\u00ed i s motory z p\u0159edchoz\u00edch let. U KZ10 v\u0161ak m\u016f\u017ee doch\u00e1zet k t\u0159en\u00ed \u0159et\u011bzu o klikovou sk\u0159\u00ed\u0148, pokud je obzvl\u00e1\u0161t\u011b opot\u0159ebovan\u00fd.<\/p>\n<p>Motory K9C, K9B, K9, K8, K7, KV95, KV92 se doporu\u010duj\u00ed pou\u017e\u00edvat ve verzi, kter\u00e1 NEN\u00cd vycentrovan\u00e1.<\/p>","protected":false},"excerpt":{"rendered":"<p>Pastorek pro verzi TM vyst\u0159ed\u011bn\u00fd. Je kompatibiln\u00ed i s motory z p\u0159edchoz\u00edch let. U KZ10 v\u0161ak m\u016f\u017ee doch\u00e1zet k drhnut\u00ed \u0159et\u011bzu o klikovou sk\u0159\u00ed\u0148, pokud je obzvl\u00e1\u0161t\u011b...<\/p>","protected":false},"featured_media":9430,"template":"","meta":[],"product_brand":[],"product_cat":[2332,2331,2333,645,858],"product_tag":[142,1344,81,1328,343,2263,2264,1327,2265,2266],"class_list":{"0":"post-9446","1":"product","2":"type-product","3":"status-publish","4":"has-post-thumbnail","6":"product_cat-model-tm-k10c","7":"product_cat-model-tm-k9c","8":"product_cat-model-tm-kz-r1","9":"product_cat-nahradne-diely-na-motory","10":"product_cat-tm-racing-nahradne-diely-na-motory","11":"product_tag-karting","12":"product_tag-karting-shop","13":"product_tag-motokary","14":"product_tag-ozubene","15":"product_tag-ozubene-kolecko","16":"product_tag-predna-rozeta-tm","17":"product_tag-predne-ozubene-kolecko-tm-racing","18":"product_tag-predne-ozubene-kolo","19":"product_tag-tm-racing-predne-kolecko","20":"product_tag-tm-racing-predne-ozubene-kolecko","22":"first","23":"instock","24":"taxable","25":"shipping-taxable","26":"purchasable","27":"product-type-variable","28":"customify-col"},"aioseo_notices":[],"_links":{"self":[{"href":"https:\/\/motokary-karting.sk\/cz\/wp-json\/wp\/v2\/product\/9446","targetHints":{"allow":["GET"]}}],"collection":[{"href":"https:\/\/motokary-karting.sk\/cz\/wp-json\/wp\/v2\/product"}],"about":[{"href":"https:\/\/motokary-karting.sk\/cz\/wp-json\/wp\/v2\/types\/product"}],"wp:featuredmedia":[{"embeddable":true,"href":"https:\/\/motokary-karting.sk\/cz\/wp-json\/wp\/v2\/media\/9430"}],"wp:attachment":[{"href":"https:\/\/motokary-karting.sk\/cz\/wp-json\/wp\/v2\/media?parent=9446"}],"wp:term":[{"taxonomy":"product_brand","embeddable":true,"href":"https:\/\/motokary-karting.sk\/cz\/wp-json\/wp\/v2\/product_brand?post=9446"},{"taxonomy":"product_cat","embeddable":true,"href":"https:\/\/motokary-karting.sk\/cz\/wp-json\/wp\/v2\/product_cat?post=9446"},{"taxonomy":"product_tag","embeddable":true,"href":"https:\/\/motokary-karting.sk\/cz\/wp-json\/wp\/v2\/product_tag?post=9446"}],"curies":[{"name":"wp","href":"https:\/\/api.w.org\/{rel}","templated":true}]}}