{"id":9552,"date":"2021-04-20T20:02:06","date_gmt":"2021-04-20T20:02:06","guid":{"rendered":"https:\/\/motokary-karting.sk\/?post_type=product&#038;p=9552"},"modified":"2026-04-22T15:01:02","modified_gmt":"2026-04-22T15:01:02","slug":"omp-overaly-letni-k","status":"publish","type":"product","link":"https:\/\/motokary-karting.sk\/cz\/produkt\/omp-kombineza-summer-k\/","title":{"rendered":"Kombin\u00e9za OMP Summer K"},"content":{"rendered":"<p>Optim\u00e1ln\u00ed jednovrstv\u00e1 kombin\u00e9za OMP pro hobby nebo vnit\u0159n\u00ed prostory, kde nen\u00ed homologovan\u00e1 kombin\u00e9za nezbytn\u011b nutn\u00e1. Ve stylu profesion\u00e1ln\u00edch z\u00e1vodn\u00edch kombin\u00e9z s odsazen\u00fdmi ramenn\u00edmi popruhy, bo\u010dn\u00edmi kapsami a tak\u00e9 p\u00e1skem a sponou na krku ve vzhledu motorsportu. Pleten\u00e9 man\u017eety na pa\u017e\u00edch a nohavic\u00edch zaji\u0161\u0165uj\u00ed stylov\u00e9 zakon\u010den\u00ed. Kombin\u00e9za OMP SUMMER K je vyrobena z odoln\u00e9 sm\u011bsi bavlny a polyesteru a lze ji pr\u00e1t na 40 \u00b0C. Je obzvl\u00e1\u0161\u0165 tenk\u00e1 a lehk\u00e1.<\/p>\n<p>Velikosti: 120 - 150 (d\u011btsk\u00e9 velikosti) | S-XXL<br \/>\nBarvy: modr\u00e1, \u010derven\u00e1, \u010dern\u00e1<\/p>","protected":false},"excerpt":{"rendered":"<p>Optim\u00e1ln\u00ed jednovrstv\u00e1 kombin\u00e9za OMP pro hobby nebo vnit\u0159n\u00ed prostory, kde nen\u00ed homologovan\u00e1 kombin\u00e9za nezbytn\u011b nutn\u00e1. Ve stylu profesion\u00e1ln\u00edch z\u00e1vodn\u00edch kombin\u00e9z s odsazen\u00fdmi n\u00e1ramen\u00edky,...<\/p>","protected":false},"featured_media":8922,"template":"","meta":[],"product_brand":[],"product_cat":[22,91,18],"product_tag":[142,2144,1344,482,1042,1934,2145,2148,81,25,2142,1825,2282,2283,2147,1043],"class_list":{"0":"post-9552","1":"product","2":"type-product","3":"status-publish","4":"has-post-thumbnail","6":"product_cat-kombinezy","7":"product_cat-omp-kombinezy","8":"product_cat-vybava-pretekara","9":"product_tag-karting","10":"product_tag-karting-kombineza-omp","11":"product_tag-karting-shop","12":"product_tag-kombineza-na-motokary","13":"product_tag-kombineza-sparco","14":"product_tag-kombineza-sparco-pre-deti","15":"product_tag-letna-kombineza-pre-deti","16":"product_tag-letni-overal-pro-deti","17":"product_tag-motokary","18":"product_tag-omp","19":"product_tag-omp-detska-kombineza","20":"product_tag-omp-shop","21":"product_tag-omp-summer","22":"product_tag-omp-summer-k","23":"product_tag-overal-pro-deti-na-leto","24":"product_tag-sparco-kombineza","26":"first","27":"instock","28":"taxable","29":"shipping-taxable","30":"purchasable","31":"product-type-variable","32":"customify-col","33":"product-has-gallery"},"aioseo_notices":[],"_links":{"self":[{"href":"https:\/\/motokary-karting.sk\/cz\/wp-json\/wp\/v2\/product\/9552","targetHints":{"allow":["GET"]}}],"collection":[{"href":"https:\/\/motokary-karting.sk\/cz\/wp-json\/wp\/v2\/product"}],"about":[{"href":"https:\/\/motokary-karting.sk\/cz\/wp-json\/wp\/v2\/types\/product"}],"wp:featuredmedia":[{"embeddable":true,"href":"https:\/\/motokary-karting.sk\/cz\/wp-json\/wp\/v2\/media\/8922"}],"wp:attachment":[{"href":"https:\/\/motokary-karting.sk\/cz\/wp-json\/wp\/v2\/media?parent=9552"}],"wp:term":[{"taxonomy":"product_brand","embeddable":true,"href":"https:\/\/motokary-karting.sk\/cz\/wp-json\/wp\/v2\/product_brand?post=9552"},{"taxonomy":"product_cat","embeddable":true,"href":"https:\/\/motokary-karting.sk\/cz\/wp-json\/wp\/v2\/product_cat?post=9552"},{"taxonomy":"product_tag","embeddable":true,"href":"https:\/\/motokary-karting.sk\/cz\/wp-json\/wp\/v2\/product_tag?post=9552"}],"curies":[{"name":"wp","href":"https:\/\/api.w.org\/{rel}","templated":true}]}}