{"id":9574,"date":"2021-04-20T21:02:52","date_gmt":"2021-04-20T21:02:52","guid":{"rendered":"https:\/\/motokary-karting.sk\/?post_type=product&#038;p=9574"},"modified":"2026-03-18T06:17:08","modified_gmt":"2026-03-18T06:17:08","slug":"konektor-hadice-vodniho-chlazeni-cerveny","status":"publish","type":"product","link":"https:\/\/motokary-karting.sk\/cz\/produkt\/spojka-na-hadicu-vodneho-chladenia-cervena\/","title":{"rendered":"Konektor hadice vodn\u00edho chlazen\u00ed pro \u010didlo teploty vody"},"content":{"rendered":"<p>Eloxovan\u00fd dr\u017e\u00e1k vodovodn\u00edho potrub\u00ed s 10 mm z\u00e1vitem pro \u010didlo teploty vody<\/p>\n<p>Vnit\u0159n\u00ed pr\u016fm\u011br 14 mm - vn\u011bj\u0161\u00ed pr\u016fm\u011br 17 mm<\/p>\n<p>Kompatibiln\u00ed s telemetrick\u00fdmi p\u0159\u00edstroji Mychron, Alfano a vodn\u00edm teplom\u011brem<\/p>","protected":false},"excerpt":{"rendered":"<p>Eloxovan\u00fd dr\u017e\u00e1k pro vodovodn\u00ed potrub\u00ed s 10 mm z\u00e1vitem pro \u010didlo teploty vody Vnit\u0159n\u00ed pr\u016fm\u011br 14 mm - vn\u011bj\u0161\u00ed pr\u016fm\u011br 17 mm Kompatibiln\u00ed s telemetrick\u00fdmi...<\/p>","protected":false},"featured_media":33192,"template":"","meta":[],"product_brand":[],"product_cat":[280,271],"product_tag":[683,684,142,1344,81,2288,2287,682],"class_list":{"0":"post-9574","1":"product","2":"type-product","3":"status-publish","4":"has-post-thumbnail","6":"product_cat-chladice-vody-prislusenstvo","7":"product_cat-nahradne-diely-na-podvozky","8":"product_tag-hadica-na-vodu","9":"product_tag-hadica-vodneho-chladenia","10":"product_tag-karting","11":"product_tag-karting-shop","12":"product_tag-motokary","13":"product_tag-spojka-na-hadicu","14":"product_tag-spojka-na-vodnu-hadicu","15":"product_tag-vodna-hadica","17":"first","18":"instock","19":"taxable","20":"shipping-taxable","21":"purchasable","22":"product-type-variable","23":"customify-col"},"aioseo_notices":[],"_links":{"self":[{"href":"https:\/\/motokary-karting.sk\/cz\/wp-json\/wp\/v2\/product\/9574","targetHints":{"allow":["GET"]}}],"collection":[{"href":"https:\/\/motokary-karting.sk\/cz\/wp-json\/wp\/v2\/product"}],"about":[{"href":"https:\/\/motokary-karting.sk\/cz\/wp-json\/wp\/v2\/types\/product"}],"wp:featuredmedia":[{"embeddable":true,"href":"https:\/\/motokary-karting.sk\/cz\/wp-json\/wp\/v2\/media\/33192"}],"wp:attachment":[{"href":"https:\/\/motokary-karting.sk\/cz\/wp-json\/wp\/v2\/media?parent=9574"}],"wp:term":[{"taxonomy":"product_brand","embeddable":true,"href":"https:\/\/motokary-karting.sk\/cz\/wp-json\/wp\/v2\/product_brand?post=9574"},{"taxonomy":"product_cat","embeddable":true,"href":"https:\/\/motokary-karting.sk\/cz\/wp-json\/wp\/v2\/product_cat?post=9574"},{"taxonomy":"product_tag","embeddable":true,"href":"https:\/\/motokary-karting.sk\/cz\/wp-json\/wp\/v2\/product_tag?post=9574"}],"curies":[{"name":"wp","href":"https:\/\/api.w.org\/{rel}","templated":true}]}}