{"id":9583,"date":"2021-04-20T21:32:35","date_gmt":"2021-04-20T21:32:35","guid":{"rendered":"https:\/\/motokary-karting.sk\/?post_type=product&#038;p=9583"},"modified":"2025-05-30T05:17:25","modified_gmt":"2025-05-30T05:17:25","slug":"vicko-chladice","status":"publish","type":"product","link":"https:\/\/motokary-karting.sk\/cz\/produkt\/zatka-na-chladic\/","title":{"rendered":"Standardn\u00ed v\u00ed\u010dko chladi\u010de"},"content":{"rendered":"","protected":false},"excerpt":{"rendered":"","protected":false},"featured_media":9584,"template":"","meta":[],"product_brand":[],"product_cat":[280,271],"product_tag":[142,1344,81,2299,2296,2298,2297],"class_list":{"0":"post-9583","1":"product","2":"type-product","3":"status-publish","4":"has-post-thumbnail","6":"product_cat-chladice-vody-prislusenstvo","7":"product_cat-nahradne-diely-na-podvozky","8":"product_tag-karting","9":"product_tag-karting-shop","10":"product_tag-motokary","11":"product_tag-stupel-chaldica","12":"product_tag-stupel-na-chladic","13":"product_tag-vrchnak-chladica","14":"product_tag-vrchnak-na-chladic","16":"first","17":"onbackorder","18":"taxable","19":"shipping-taxable","20":"purchasable","21":"product-type-simple","22":"customify-col"},"aioseo_notices":[],"_links":{"self":[{"href":"https:\/\/motokary-karting.sk\/cz\/wp-json\/wp\/v2\/product\/9583","targetHints":{"allow":["GET"]}}],"collection":[{"href":"https:\/\/motokary-karting.sk\/cz\/wp-json\/wp\/v2\/product"}],"about":[{"href":"https:\/\/motokary-karting.sk\/cz\/wp-json\/wp\/v2\/types\/product"}],"wp:featuredmedia":[{"embeddable":true,"href":"https:\/\/motokary-karting.sk\/cz\/wp-json\/wp\/v2\/media\/9584"}],"wp:attachment":[{"href":"https:\/\/motokary-karting.sk\/cz\/wp-json\/wp\/v2\/media?parent=9583"}],"wp:term":[{"taxonomy":"product_brand","embeddable":true,"href":"https:\/\/motokary-karting.sk\/cz\/wp-json\/wp\/v2\/product_brand?post=9583"},{"taxonomy":"product_cat","embeddable":true,"href":"https:\/\/motokary-karting.sk\/cz\/wp-json\/wp\/v2\/product_cat?post=9583"},{"taxonomy":"product_tag","embeddable":true,"href":"https:\/\/motokary-karting.sk\/cz\/wp-json\/wp\/v2\/product_tag?post=9583"}],"curies":[{"name":"wp","href":"https:\/\/api.w.org\/{rel}","templated":true}]}}