{"id":9585,"date":"2021-04-20T21:37:37","date_gmt":"2021-04-20T21:37:37","guid":{"rendered":"https:\/\/motokary-karting.sk\/?post_type=product&#038;p=9585"},"modified":"2026-04-26T15:06:20","modified_gmt":"2026-04-26T15:06:20","slug":"silentblok-pro-sroub-s-vnitrnim-zavitem-pro-radiator-6-mm","status":"publish","type":"product","link":"https:\/\/motokary-karting.sk\/cz\/produkt\/silentblok-na-chladic-samec-samica-skrutka-6mm\/","title":{"rendered":"Silentblok pro radi\u00e1tor | samec - samice | \u0161roub 6 mm - SADA 2 kus\u016f"},"content":{"rendered":"","protected":false},"excerpt":{"rendered":"","protected":false},"featured_media":9586,"template":"","meta":[],"product_brand":[],"product_cat":[280,271,276],"product_tag":[142,1344,81,908,2300],"class_list":{"0":"post-9585","1":"product","2":"type-product","3":"status-publish","4":"has-post-thumbnail","6":"product_cat-chladice-vody-prislusenstvo","7":"product_cat-nahradne-diely-na-podvozky","8":"product_cat-ostatne","9":"product_tag-karting","10":"product_tag-karting-shop","11":"product_tag-motokary","12":"product_tag-silentblok","13":"product_tag-silentblok-na-chladic","15":"first","16":"instock","17":"sale","18":"taxable","19":"shipping-taxable","20":"purchasable","21":"product-type-simple","22":"customify-col"},"aioseo_notices":[],"_links":{"self":[{"href":"https:\/\/motokary-karting.sk\/cz\/wp-json\/wp\/v2\/product\/9585","targetHints":{"allow":["GET"]}}],"collection":[{"href":"https:\/\/motokary-karting.sk\/cz\/wp-json\/wp\/v2\/product"}],"about":[{"href":"https:\/\/motokary-karting.sk\/cz\/wp-json\/wp\/v2\/types\/product"}],"wp:featuredmedia":[{"embeddable":true,"href":"https:\/\/motokary-karting.sk\/cz\/wp-json\/wp\/v2\/media\/9586"}],"wp:attachment":[{"href":"https:\/\/motokary-karting.sk\/cz\/wp-json\/wp\/v2\/media?parent=9585"}],"wp:term":[{"taxonomy":"product_brand","embeddable":true,"href":"https:\/\/motokary-karting.sk\/cz\/wp-json\/wp\/v2\/product_brand?post=9585"},{"taxonomy":"product_cat","embeddable":true,"href":"https:\/\/motokary-karting.sk\/cz\/wp-json\/wp\/v2\/product_cat?post=9585"},{"taxonomy":"product_tag","embeddable":true,"href":"https:\/\/motokary-karting.sk\/cz\/wp-json\/wp\/v2\/product_tag?post=9585"}],"curies":[{"name":"wp","href":"https:\/\/api.w.org\/{rel}","templated":true}]}}