{"id":9615,"date":"2021-04-25T12:45:35","date_gmt":"2021-04-25T12:45:35","guid":{"rendered":"https:\/\/motokary-karting.sk\/?post_type=product&#038;p=9615"},"modified":"2026-01-28T17:16:38","modified_gmt":"2026-01-28T17:16:38","slug":"arai-nahradni-plexi-pro-arai-ck-6","status":"publish","type":"product","link":"https:\/\/motokary-karting.sk\/cz\/produkt\/arai-nahradne-plexi-na-arai-ck-6\/","title":{"rendered":"N\u00e1hradn\u00ed plexi Arai pro Arai CK-6"},"content":{"rendered":"<p>St\u0159\u00edbrn\u00e9 zrcadlov\u00e9 hled\u00ed je vhodn\u00e9 pro p\u0159ilbu Arai CK-6. Jasn\u00fd v\u00fdhled je d\u016fle\u017eit\u00fd zejm\u00e9na v motorsportu. P\u0159i zt\u00ed\u017een\u00e9 viditelnosti ve tm\u011b a za de\u0161t\u011b se pouli\u010dn\u00ed osv\u011btlen\u00ed siln\u011b odr\u00e1\u017e\u00ed na m\u00edstech se \u0161kr\u00e1banci. Abyste si jako \u0159idi\u010d zachovali jasn\u00fd v\u00fdhled a odpov\u00eddaj\u00edc\u00edm zp\u016fsobem zv\u00fd\u0161ili bezpe\u010dnost, doporu\u010dujeme hled\u00ed pravideln\u011b vym\u011b\u0148ovat.<\/p>","protected":false},"excerpt":{"rendered":"<p>St\u0159\u00edbrn\u00e9 zrcadlov\u00e9 hled\u00ed je vhodn\u00e9 pro p\u0159ilbu Arai CK-6. Jasn\u00fd v\u00fdhled je d\u016fle\u017eit\u00fd zejm\u00e9na v motorsportu. Pokud je viditelnost ve tm\u011b a za de\u0161t\u011b obt\u00ed\u017en\u00e1, je t\u0159eba se...<\/p>","protected":false},"featured_media":9620,"template":"","meta":[],"product_brand":[],"product_cat":[2767,21,18],"product_tag":[1681,1687,1697,1684,1774,1773,1683,1695,1696,142,984,81,1771,1772,1775,981,1680,1682,1675,1679,1776],"class_list":{"0":"post-9615","1":"product","2":"type-product","3":"status-publish","4":"has-post-thumbnail","6":"product_cat-arai-prislusenstvo","7":"product_cat-prilby","8":"product_cat-vybava-pretekara","9":"product_tag-arai","10":"product_tag-arai-helmet-ck-6","11":"product_tag-arai-helmet-sk-6","12":"product_tag-arai-karting-helmt","13":"product_tag-arai-nahradne-plexi","14":"product_tag-arai-plexi-stit","15":"product_tag-arai-prilba","16":"product_tag-arai-sk-6","17":"product_tag-arai-sk6","18":"product_tag-karting","19":"product_tag-motokarova-prilba","20":"product_tag-motokary","21":"product_tag-nahradne-diely-na-prilbu-arai","22":"product_tag-nahradne-sroby-na-arai","23":"product_tag-plexi-arai","24":"product_tag-prilba-bell-rs-k","25":"product_tag-prilba-na-motokaru","26":"product_tag-prilby-arai","27":"product_tag-prilby-bell","28":"product_tag-prilby-na-motokary","29":"product_tag-vymenitelne-plexi-arai","31":"first","32":"onbackorder","33":"sale","34":"taxable","35":"shipping-taxable","36":"purchasable","37":"product-type-variable","38":"customify-col","39":"product-has-gallery"},"aioseo_notices":[],"_links":{"self":[{"href":"https:\/\/motokary-karting.sk\/cz\/wp-json\/wp\/v2\/product\/9615","targetHints":{"allow":["GET"]}}],"collection":[{"href":"https:\/\/motokary-karting.sk\/cz\/wp-json\/wp\/v2\/product"}],"about":[{"href":"https:\/\/motokary-karting.sk\/cz\/wp-json\/wp\/v2\/types\/product"}],"wp:featuredmedia":[{"embeddable":true,"href":"https:\/\/motokary-karting.sk\/cz\/wp-json\/wp\/v2\/media\/9620"}],"wp:attachment":[{"href":"https:\/\/motokary-karting.sk\/cz\/wp-json\/wp\/v2\/media?parent=9615"}],"wp:term":[{"taxonomy":"product_brand","embeddable":true,"href":"https:\/\/motokary-karting.sk\/cz\/wp-json\/wp\/v2\/product_brand?post=9615"},{"taxonomy":"product_cat","embeddable":true,"href":"https:\/\/motokary-karting.sk\/cz\/wp-json\/wp\/v2\/product_cat?post=9615"},{"taxonomy":"product_tag","embeddable":true,"href":"https:\/\/motokary-karting.sk\/cz\/wp-json\/wp\/v2\/product_tag?post=9615"}],"curies":[{"name":"wp","href":"https:\/\/api.w.org\/{rel}","templated":true}]}}